{"id":609,"date":"2025-01-09T10:06:18","date_gmt":"2025-01-09T09:06:18","guid":{"rendered":"https:\/\/indie.rent\/catalogue\/produit\/batterie-fxlion-v-mount-300wh-bp-m300\/"},"modified":"2026-04-13T18:33:07","modified_gmt":"2026-04-13T16:33:07","slug":"batterie-fxlion-v-mount-300wh-bp-m300","status":"publish","type":"product","link":"https:\/\/indie.rent\/catalogue\/produit\/batterie-fxlion-v-mount-300wh-bp-m300\/","title":{"rendered":"Batterie FXLION V-Mount 300Wh \/ BP-M300"},"content":{"rendered":"<p>Batterie BP-M300<\/p>\n<p>Nous mettons \u00e0 disposition des chargeurs 2 voies ou 4 voies en fonction de la quantit\u00e9 de batteries lou\u00e9es.<\/p>\n","protected":false},"excerpt":{"rendered":"<p>Batterie BP-M300 Nous mettons \u00e0 disposition des chargeurs 2 voies ou 4 voies en fonction de la quantit\u00e9 de batteries lou\u00e9es.<\/p>\n","protected":false},"featured_media":2185,"template":"","meta":{"inline_featured_image":false},"product_brand":[],"product_cat":[2076],"product_tag":[],"class_list":{"0":"post-609","1":"product","2":"type-product","3":"status-publish","4":"has-post-thumbnail","6":"product_cat-v-mount-camera","8":"first","9":"instock","10":"taxable","11":"shipping-taxable","12":"purchasable","13":"product-type-rentable"},"acf":[],"_links":{"self":[{"href":"https:\/\/indie.rent\/catalogue\/wp-json\/wp\/v2\/product\/609","targetHints":{"allow":["GET"]}}],"collection":[{"href":"https:\/\/indie.rent\/catalogue\/wp-json\/wp\/v2\/product"}],"about":[{"href":"https:\/\/indie.rent\/catalogue\/wp-json\/wp\/v2\/types\/product"}],"version-history":[{"count":0,"href":"https:\/\/indie.rent\/catalogue\/wp-json\/wp\/v2\/product\/609\/revisions"}],"wp:featuredmedia":[{"embeddable":true,"href":"https:\/\/indie.rent\/catalogue\/wp-json\/wp\/v2\/media\/2185"}],"wp:attachment":[{"href":"https:\/\/indie.rent\/catalogue\/wp-json\/wp\/v2\/media?parent=609"}],"wp:term":[{"taxonomy":"product_brand","embeddable":true,"href":"https:\/\/indie.rent\/catalogue\/wp-json\/wp\/v2\/product_brand?post=609"},{"taxonomy":"product_cat","embeddable":true,"href":"https:\/\/indie.rent\/catalogue\/wp-json\/wp\/v2\/product_cat?post=609"},{"taxonomy":"product_tag","embeddable":true,"href":"https:\/\/indie.rent\/catalogue\/wp-json\/wp\/v2\/product_tag?post=609"}],"curies":[{"name":"wp","href":"https:\/\/api.w.org\/{rel}","templated":true}]}}