{"id":6081,"date":"2026-01-12T23:11:00","date_gmt":"2026-01-12T22:11:00","guid":{"rendered":"https:\/\/indie.rent\/catalogue\/produit\/accessoires-bazooka-pour-plateau-travelling-ou-baby-boul\/"},"modified":"2026-04-13T18:57:03","modified_gmt":"2026-04-13T16:57:03","slug":"accessoires-bazooka-pour-plateau-travelling-ou-baby-boul","status":"publish","type":"product","link":"https:\/\/indie.rent\/catalogue\/produit\/accessoires-bazooka-pour-plateau-travelling-ou-baby-boul\/","title":{"rendered":"Accessoires Bazooka pour Plateau Travelling ou Baby-Boul"},"content":{"rendered":"<p>Kit d&#8217;accessoires avec Support Bazooka + 2 si\u00e8ges + divers accessoires.<\/p>\n<p>* Convient pour plateau travelling alu, et Baby-Boul.<br \/>** On ajoutera en g\u00e9n\u00e9ral un jeu de bazooka + une coupole 120 ou 300.<\/p>\n","protected":false},"excerpt":{"rendered":"<p>Kit d&#8217;accessoires avec Support Bazooka + 2 si\u00e8ges + divers accessoires. * Convient pour plateau travelling alu, et Baby-Boul.** On ajoutera en g\u00e9n\u00e9ral un jeu de bazooka + une coupole 120 ou 300.<\/p>\n","protected":false},"featured_media":6087,"template":"","meta":{"inline_featured_image":false},"product_brand":[],"product_cat":[2205],"product_tag":[],"class_list":{"0":"post-6081","1":"product","2":"type-product","3":"status-publish","4":"has-post-thumbnail","6":"product_cat-travelling-cinesyl","8":"first","9":"instock","10":"taxable","11":"shipping-taxable","12":"purchasable","13":"product-type-rentable"},"acf":[],"_links":{"self":[{"href":"https:\/\/indie.rent\/catalogue\/wp-json\/wp\/v2\/product\/6081","targetHints":{"allow":["GET"]}}],"collection":[{"href":"https:\/\/indie.rent\/catalogue\/wp-json\/wp\/v2\/product"}],"about":[{"href":"https:\/\/indie.rent\/catalogue\/wp-json\/wp\/v2\/types\/product"}],"version-history":[{"count":0,"href":"https:\/\/indie.rent\/catalogue\/wp-json\/wp\/v2\/product\/6081\/revisions"}],"wp:featuredmedia":[{"embeddable":true,"href":"https:\/\/indie.rent\/catalogue\/wp-json\/wp\/v2\/media\/6087"}],"wp:attachment":[{"href":"https:\/\/indie.rent\/catalogue\/wp-json\/wp\/v2\/media?parent=6081"}],"wp:term":[{"taxonomy":"product_brand","embeddable":true,"href":"https:\/\/indie.rent\/catalogue\/wp-json\/wp\/v2\/product_brand?post=6081"},{"taxonomy":"product_cat","embeddable":true,"href":"https:\/\/indie.rent\/catalogue\/wp-json\/wp\/v2\/product_cat?post=6081"},{"taxonomy":"product_tag","embeddable":true,"href":"https:\/\/indie.rent\/catalogue\/wp-json\/wp\/v2\/product_tag?post=6081"}],"curies":[{"name":"wp","href":"https:\/\/api.w.org\/{rel}","templated":true}]}}