{"id":6079,"date":"2026-01-12T23:08:01","date_gmt":"2026-01-12T22:08:01","guid":{"rendered":"https:\/\/indie.rent\/catalogue\/produit\/fond-vert-epais-coton-12x35m\/"},"modified":"2026-04-13T18:09:46","modified_gmt":"2026-04-13T16:09:46","slug":"fond-vert-epais-coton-12x35m","status":"publish","type":"product","link":"https:\/\/indie.rent\/catalogue\/produit\/fond-vert-epais-coton-12x35m\/","title":{"rendered":"Fond Vert Epais Coton 12&#215;3,5m"},"content":{"rendered":"<p>Fond vert 6x3m<br \/>Toile T\u00e9l\u00e9vision CS &#8211; 100% tr\u00e9vira, coloris greenbox<\/p>\n<p>Chromakey<\/p>\n","protected":false},"excerpt":{"rendered":"<p>Fond vert 6x3mToile T\u00e9l\u00e9vision CS &#8211; 100% tr\u00e9vira, coloris greenbox Chromakey<\/p>\n","protected":false},"featured_media":6094,"template":"","meta":{"inline_featured_image":false},"product_brand":[],"product_cat":[2115],"product_tag":[],"class_list":{"0":"post-6079","1":"product","2":"type-product","3":"status-publish","4":"has-post-thumbnail","6":"product_cat-blue-screens","8":"first","9":"instock","10":"taxable","11":"shipping-taxable","12":"purchasable","13":"product-type-rentable"},"acf":[],"_links":{"self":[{"href":"https:\/\/indie.rent\/catalogue\/wp-json\/wp\/v2\/product\/6079","targetHints":{"allow":["GET"]}}],"collection":[{"href":"https:\/\/indie.rent\/catalogue\/wp-json\/wp\/v2\/product"}],"about":[{"href":"https:\/\/indie.rent\/catalogue\/wp-json\/wp\/v2\/types\/product"}],"version-history":[{"count":0,"href":"https:\/\/indie.rent\/catalogue\/wp-json\/wp\/v2\/product\/6079\/revisions"}],"wp:featuredmedia":[{"embeddable":true,"href":"https:\/\/indie.rent\/catalogue\/wp-json\/wp\/v2\/media\/6094"}],"wp:attachment":[{"href":"https:\/\/indie.rent\/catalogue\/wp-json\/wp\/v2\/media?parent=6079"}],"wp:term":[{"taxonomy":"product_brand","embeddable":true,"href":"https:\/\/indie.rent\/catalogue\/wp-json\/wp\/v2\/product_brand?post=6079"},{"taxonomy":"product_cat","embeddable":true,"href":"https:\/\/indie.rent\/catalogue\/wp-json\/wp\/v2\/product_cat?post=6079"},{"taxonomy":"product_tag","embeddable":true,"href":"https:\/\/indie.rent\/catalogue\/wp-json\/wp\/v2\/product_tag?post=6079"}],"curies":[{"name":"wp","href":"https:\/\/api.w.org\/{rel}","templated":true}]}}