{"id":6078,"date":"2026-01-12T23:08:00","date_gmt":"2026-01-12T22:08:00","guid":{"rendered":"https:\/\/indie.rent\/catalogue\/produit\/chargeur-v-lock-4-voies\/"},"modified":"2026-04-13T18:09:42","modified_gmt":"2026-04-13T16:09:42","slug":"chargeur-v-lock-4-voies","status":"publish","type":"product","link":"https:\/\/indie.rent\/catalogue\/produit\/chargeur-v-lock-4-voies\/","title":{"rendered":"Chargeur V-Lock 4 Voies"},"content":{"rendered":"<p>Chargeur 4 voies qui permet de charger 4 batteries V-Mount en simultan\u00e9, rapidement gr\u00e2ce \u00e0 un courant de 4 \u00e0 4,5 Amp\u00e8res.<\/p>\n<p>Un indicateur est pr\u00e9sent pour afficher le niveau de charge de chaque voie.<\/p>\n","protected":false},"excerpt":{"rendered":"<p>Chargeur 4 voies qui permet de charger 4 batteries V-Mount en simultan\u00e9, rapidement gr\u00e2ce \u00e0 un courant de 4 \u00e0 4,5 Amp\u00e8res. Un indicateur est pr\u00e9sent pour afficher le niveau de charge de chaque voie.<\/p>\n","protected":false},"featured_media":6089,"template":"","meta":{"inline_featured_image":false},"product_brand":[],"product_cat":[2081],"product_tag":[],"class_list":{"0":"post-6078","1":"product","2":"type-product","3":"status-publish","4":"has-post-thumbnail","6":"product_cat-chargeur-batterie-v-mount","8":"first","9":"instock","10":"taxable","11":"shipping-taxable","12":"purchasable","13":"product-type-rentable"},"acf":[],"_links":{"self":[{"href":"https:\/\/indie.rent\/catalogue\/wp-json\/wp\/v2\/product\/6078","targetHints":{"allow":["GET"]}}],"collection":[{"href":"https:\/\/indie.rent\/catalogue\/wp-json\/wp\/v2\/product"}],"about":[{"href":"https:\/\/indie.rent\/catalogue\/wp-json\/wp\/v2\/types\/product"}],"version-history":[{"count":0,"href":"https:\/\/indie.rent\/catalogue\/wp-json\/wp\/v2\/product\/6078\/revisions"}],"wp:featuredmedia":[{"embeddable":true,"href":"https:\/\/indie.rent\/catalogue\/wp-json\/wp\/v2\/media\/6089"}],"wp:attachment":[{"href":"https:\/\/indie.rent\/catalogue\/wp-json\/wp\/v2\/media?parent=6078"}],"wp:term":[{"taxonomy":"product_brand","embeddable":true,"href":"https:\/\/indie.rent\/catalogue\/wp-json\/wp\/v2\/product_brand?post=6078"},{"taxonomy":"product_cat","embeddable":true,"href":"https:\/\/indie.rent\/catalogue\/wp-json\/wp\/v2\/product_cat?post=6078"},{"taxonomy":"product_tag","embeddable":true,"href":"https:\/\/indie.rent\/catalogue\/wp-json\/wp\/v2\/product_tag?post=6078"}],"curies":[{"name":"wp","href":"https:\/\/api.w.org\/{rel}","templated":true}]}}