{"id":6070,"date":"2026-01-12T23:05:32","date_gmt":"2026-01-12T22:05:32","guid":{"rendered":"https:\/\/indie.rent\/catalogue\/produit\/base-plate-smallrig-en-15mm\/"},"modified":"2026-04-30T15:57:11","modified_gmt":"2026-04-30T13:57:11","slug":"base-plate-smallrig-en-15mm","status":"publish","type":"product","link":"https:\/\/indie.rent\/catalogue\/produit\/base-plate-smallrig-en-15mm\/","title":{"rendered":"Base Plate SmallRig en 15mm"},"content":{"rendered":"<p>Base Plate universelle simple et l\u00e9g\u00e8re pour les cam\u00e9ras FX6,FX9,Nikon ZR&#8230;\u00a0<\/p>\n<p>Elle se fixe \u00e0 la cam\u00e9ra avec une vis 3\/8&#8243; ou 1\/4&#8243; et\u00a0dot\u00e9e de d\u00e9part de tiges 15 mm de diam\u00e8tre qui permettent de monter un moteur de Follow HF, un support d&#8217;objectif ou d&#8217;autres accessoires.<\/p>\n","protected":false},"excerpt":{"rendered":"<p>Base Plate universelle simple et l\u00e9g\u00e8re pour les cam\u00e9ras FX6,FX9,Nikon ZR&#8230;\u00a0 Elle se fixe \u00e0 la cam\u00e9ra avec une vis 3\/8&#8243; ou 1\/4&#8243; et\u00a0dot\u00e9e de d\u00e9part de tiges 15 mm de diam\u00e8tre qui permettent de monter un moteur de Follow HF, un support d&#8217;objectif ou d&#8217;autres accessoires.<\/p>\n","protected":false},"featured_media":6084,"template":"","meta":{"inline_featured_image":false},"product_brand":[],"product_cat":[1949],"product_tag":[],"class_list":{"0":"post-6070","1":"product","2":"type-product","3":"status-publish","4":"has-post-thumbnail","6":"product_cat-grip-camera","8":"first","9":"instock","10":"taxable","11":"shipping-taxable","12":"purchasable","13":"product-type-rentable"},"acf":[],"_links":{"self":[{"href":"https:\/\/indie.rent\/catalogue\/wp-json\/wp\/v2\/product\/6070","targetHints":{"allow":["GET"]}}],"collection":[{"href":"https:\/\/indie.rent\/catalogue\/wp-json\/wp\/v2\/product"}],"about":[{"href":"https:\/\/indie.rent\/catalogue\/wp-json\/wp\/v2\/types\/product"}],"version-history":[{"count":0,"href":"https:\/\/indie.rent\/catalogue\/wp-json\/wp\/v2\/product\/6070\/revisions"}],"wp:featuredmedia":[{"embeddable":true,"href":"https:\/\/indie.rent\/catalogue\/wp-json\/wp\/v2\/media\/6084"}],"wp:attachment":[{"href":"https:\/\/indie.rent\/catalogue\/wp-json\/wp\/v2\/media?parent=6070"}],"wp:term":[{"taxonomy":"product_brand","embeddable":true,"href":"https:\/\/indie.rent\/catalogue\/wp-json\/wp\/v2\/product_brand?post=6070"},{"taxonomy":"product_cat","embeddable":true,"href":"https:\/\/indie.rent\/catalogue\/wp-json\/wp\/v2\/product_cat?post=6070"},{"taxonomy":"product_tag","embeddable":true,"href":"https:\/\/indie.rent\/catalogue\/wp-json\/wp\/v2\/product_tag?post=6070"}],"curies":[{"name":"wp","href":"https:\/\/api.w.org\/{rel}","templated":true}]}}