{"id":6050,"date":"2026-01-12T15:48:30","date_gmt":"2026-01-12T14:48:30","guid":{"rendered":"https:\/\/indie.rent\/catalogue\/produit\/the-dual-black-arm-tranquilizer-xl\/"},"modified":"2026-04-14T17:13:39","modified_gmt":"2026-04-14T15:13:39","slug":"the-dual-black-arm-tranquilizer-xl","status":"publish","type":"product","link":"https:\/\/indie.rent\/catalogue\/produit\/the-dual-black-arm-tranquilizer-xl\/","title":{"rendered":"The Dual Black Arm + Tranquilizer XL"},"content":{"rendered":"<p>The Dual Black Arm est un syst\u00e8me d&#8217;amortissement \u00e0 4 axes \u00e0 deux bras, con\u00e7u pour le Movi XL notamment.<\/p>\n<p>Le Flowcine Tranquilizer XL est la nouvelle g\u00e9n\u00e9ration d&#8217;isolateurs de vibrations, sp\u00e9cialement con\u00e7us pour les gimbals : Movi XL, etc.<\/p>\n","protected":false},"excerpt":{"rendered":"<p>The Dual Black Arm est un syst\u00e8me d&#8217;amortissement \u00e0 4 axes \u00e0 deux bras, con\u00e7u pour le Movi XL notamment. Le Flowcine Tranquilizer XL est la nouvelle g\u00e9n\u00e9ration d&#8217;isolateurs de vibrations, sp\u00e9cialement con\u00e7us pour les gimbals : Movi XL, etc.<\/p>\n","protected":false},"featured_media":6060,"template":"","meta":{"inline_featured_image":false},"product_brand":[],"product_cat":[2048],"product_tag":[],"class_list":{"0":"post-6050","1":"product","2":"type-product","3":"status-publish","4":"has-post-thumbnail","6":"product_cat-black-arm","8":"first","9":"instock","10":"taxable","11":"shipping-taxable","12":"purchasable","13":"product-type-rentable"},"acf":[],"_links":{"self":[{"href":"https:\/\/indie.rent\/catalogue\/wp-json\/wp\/v2\/product\/6050","targetHints":{"allow":["GET"]}}],"collection":[{"href":"https:\/\/indie.rent\/catalogue\/wp-json\/wp\/v2\/product"}],"about":[{"href":"https:\/\/indie.rent\/catalogue\/wp-json\/wp\/v2\/types\/product"}],"version-history":[{"count":0,"href":"https:\/\/indie.rent\/catalogue\/wp-json\/wp\/v2\/product\/6050\/revisions"}],"wp:featuredmedia":[{"embeddable":true,"href":"https:\/\/indie.rent\/catalogue\/wp-json\/wp\/v2\/media\/6060"}],"wp:attachment":[{"href":"https:\/\/indie.rent\/catalogue\/wp-json\/wp\/v2\/media?parent=6050"}],"wp:term":[{"taxonomy":"product_brand","embeddable":true,"href":"https:\/\/indie.rent\/catalogue\/wp-json\/wp\/v2\/product_brand?post=6050"},{"taxonomy":"product_cat","embeddable":true,"href":"https:\/\/indie.rent\/catalogue\/wp-json\/wp\/v2\/product_cat?post=6050"},{"taxonomy":"product_tag","embeddable":true,"href":"https:\/\/indie.rent\/catalogue\/wp-json\/wp\/v2\/product_tag?post=6050"}],"curies":[{"name":"wp","href":"https:\/\/api.w.org\/{rel}","templated":true}]}}