{"id":605,"date":"2025-01-09T10:06:17","date_gmt":"2025-01-09T09:06:17","guid":{"rendered":"https:\/\/indie.rent\/catalogue\/produit\/adaptateur-hotswap-v-mount-vers-v-mount-ml120v-28wh-14-4v\/"},"modified":"2026-04-30T15:49:16","modified_gmt":"2026-04-30T13:49:16","slug":"adaptateur-hotswap-v-mount-vers-v-mount-ml120v-28wh-14-4v","status":"publish","type":"product","link":"https:\/\/indie.rent\/catalogue\/produit\/adaptateur-hotswap-v-mount-vers-v-mount-ml120v-28wh-14-4v\/","title":{"rendered":"Adaptateur Hotswap V-Mount vers V-Mount &#8211; ML120V (28Wh \/ 14.4V)"},"content":{"rendered":"<p>L\u2019adaptateur BEBOP ML-120V\/V avec Hot Swap vous permet d\u2019alimenter la cam\u00e9ra sans interruption pendant 120 secondes pour pouvoir changer de batterie tranquillement sans avoir \u00e0 \u00e9teindre vos configurations cam\u00e9ras. Cet \u00e9l\u00e9ment est un r\u00e9el gain de temps sur vos tournages!<\/p>\n","protected":false},"excerpt":{"rendered":"<p>L\u2019adaptateur BEBOP ML-120V\/V avec Hot Swap vous permet d\u2019alimenter la cam\u00e9ra sans interruption pendant 120 secondes pour pouvoir changer de batterie tranquillement sans avoir \u00e0 \u00e9teindre vos configurations cam\u00e9ras. Cet \u00e9l\u00e9ment est un r\u00e9el gain de temps sur vos tournages!<\/p>\n","protected":false},"featured_media":2080,"template":"","meta":{"inline_featured_image":false},"product_brand":[],"product_cat":[2076],"product_tag":[],"class_list":{"0":"post-605","1":"product","2":"type-product","3":"status-publish","4":"has-post-thumbnail","6":"product_cat-v-mount-camera","8":"first","9":"instock","10":"taxable","11":"shipping-taxable","12":"purchasable","13":"product-type-rentable"},"acf":[],"_links":{"self":[{"href":"https:\/\/indie.rent\/catalogue\/wp-json\/wp\/v2\/product\/605","targetHints":{"allow":["GET"]}}],"collection":[{"href":"https:\/\/indie.rent\/catalogue\/wp-json\/wp\/v2\/product"}],"about":[{"href":"https:\/\/indie.rent\/catalogue\/wp-json\/wp\/v2\/types\/product"}],"version-history":[{"count":0,"href":"https:\/\/indie.rent\/catalogue\/wp-json\/wp\/v2\/product\/605\/revisions"}],"wp:featuredmedia":[{"embeddable":true,"href":"https:\/\/indie.rent\/catalogue\/wp-json\/wp\/v2\/media\/2080"}],"wp:attachment":[{"href":"https:\/\/indie.rent\/catalogue\/wp-json\/wp\/v2\/media?parent=605"}],"wp:term":[{"taxonomy":"product_brand","embeddable":true,"href":"https:\/\/indie.rent\/catalogue\/wp-json\/wp\/v2\/product_brand?post=605"},{"taxonomy":"product_cat","embeddable":true,"href":"https:\/\/indie.rent\/catalogue\/wp-json\/wp\/v2\/product_cat?post=605"},{"taxonomy":"product_tag","embeddable":true,"href":"https:\/\/indie.rent\/catalogue\/wp-json\/wp\/v2\/product_tag?post=605"}],"curies":[{"name":"wp","href":"https:\/\/api.w.org\/{rel}","templated":true}]}}