{"id":6040,"date":"2026-01-12T15:41:07","date_gmt":"2026-01-12T14:41:07","guid":{"rendered":"https:\/\/indie.rent\/catalogue\/produit\/minette-dedolight-ledzilla-2\/"},"modified":"2026-04-16T17:13:00","modified_gmt":"2026-04-16T15:13:00","slug":"minette-dedolight-ledzilla-2","status":"publish","type":"product","link":"https:\/\/indie.rent\/catalogue\/produit\/minette-dedolight-ledzilla-2\/","title":{"rendered":"Minette DEDOLIGHT Ledzilla 2"},"content":{"rendered":"<p>Focusing LED Light Unit 5600K<\/p>\n<p>\u00c9clairage LED ultra compact et continu avec diffuseur int\u00e9gr\u00e9 pouvant all\u00e9 de -4\u00b0 \u00e0 56\u00b0. Bicolore, vous pouvez faire varier la TC de 3200 \u00e0 5600K.<br \/>Le niveau de luminosit\u00e9 de la lumi\u00e8re reste constant lorsque vous modifiez la temp\u00e9rature de couleur. Sa consommation \u00e9lectrique n&#8217;est que de 8 W malgr\u00e9 une puissance \u00e9lev\u00e9e.<\/p>\n<p>Caract\u00e9ristiques principales :<br \/>-Angle d&#8217;\u00e9clairage: 56 \u00b0 &#8211; 4,0 \u00b0,<br \/>&#8211; Alimentation \u00e0 partir de n&#8217;importe quelle source d&#8217;alimentation 6V \u00e0 18V DC,<br \/>&#8211; Puissance: 8 W,<br \/>&#8211; \u00c9clairage: 5 400 lux (par spot de 1 m).<\/p>\n<p>Voir cette publication sur Instagram Une publication partag\u00e9e par Indie Loc (@indie_la_location) le 21 Mai 2018 \u00e0 3 :59 PDT<\/p>\n","protected":false},"excerpt":{"rendered":"<p>Focusing LED Light Unit 5600K \u00c9clairage LED ultra compact et continu avec diffuseur int\u00e9gr\u00e9 pouvant all\u00e9 de -4\u00b0 \u00e0 56\u00b0. Bicolore, vous pouvez faire varier la TC de 3200 \u00e0 5600K.Le niveau de luminosit\u00e9 de la lumi\u00e8re reste constant lorsque vous modifiez la temp\u00e9rature de couleur. Sa consommation \u00e9lectrique n&#8217;est que de 8 W malgr\u00e9 [&hellip;]<\/p>\n","protected":false},"featured_media":6051,"template":"","meta":{"inline_featured_image":false},"product_brand":[],"product_cat":[2017],"product_tag":[],"class_list":{"0":"post-6040","1":"product","2":"type-product","3":"status-publish","4":"has-post-thumbnail","6":"product_cat-minette-led-monocolor","8":"first","9":"instock","10":"taxable","11":"shipping-taxable","12":"purchasable","13":"product-type-rentable"},"acf":[],"_links":{"self":[{"href":"https:\/\/indie.rent\/catalogue\/wp-json\/wp\/v2\/product\/6040","targetHints":{"allow":["GET"]}}],"collection":[{"href":"https:\/\/indie.rent\/catalogue\/wp-json\/wp\/v2\/product"}],"about":[{"href":"https:\/\/indie.rent\/catalogue\/wp-json\/wp\/v2\/types\/product"}],"version-history":[{"count":0,"href":"https:\/\/indie.rent\/catalogue\/wp-json\/wp\/v2\/product\/6040\/revisions"}],"wp:featuredmedia":[{"embeddable":true,"href":"https:\/\/indie.rent\/catalogue\/wp-json\/wp\/v2\/media\/6051"}],"wp:attachment":[{"href":"https:\/\/indie.rent\/catalogue\/wp-json\/wp\/v2\/media?parent=6040"}],"wp:term":[{"taxonomy":"product_brand","embeddable":true,"href":"https:\/\/indie.rent\/catalogue\/wp-json\/wp\/v2\/product_brand?post=6040"},{"taxonomy":"product_cat","embeddable":true,"href":"https:\/\/indie.rent\/catalogue\/wp-json\/wp\/v2\/product_cat?post=6040"},{"taxonomy":"product_tag","embeddable":true,"href":"https:\/\/indie.rent\/catalogue\/wp-json\/wp\/v2\/product_tag?post=6040"}],"curies":[{"name":"wp","href":"https:\/\/api.w.org\/{rel}","templated":true}]}}