{"id":6038,"date":"2026-01-12T15:38:36","date_gmt":"2026-01-12T14:38:36","guid":{"rendered":"https:\/\/indie.rent\/catalogue\/produit\/chauffage-soufflant-33kw\/"},"modified":"2026-04-05T00:16:27","modified_gmt":"2026-04-04T22:16:27","slug":"chauffage-soufflant-33kw","status":"publish","type":"product","link":"https:\/\/indie.rent\/catalogue\/produit\/chauffage-soufflant-33kw\/","title":{"rendered":"Chauffage soufflant 3,3kW"},"content":{"rendered":"<p>Ce chauffage soufflant Red-Hot 3,3 kW est destin\u00e9 pour des locaux jusqu&#8217;\u00e0 30 m\u00b2, offrant une puissance comprise entre 1,65 et 3,3 kW.<\/p>\n<p>Caract\u00e9ristiques : <br \/>Puissance : entre 1,65kW et 3.3 kW<br \/>Tension et capacit\u00e9 de la batterie : 230 V &#8211; 50 Hz<br \/>D\u00e9bit air : 288 m3\/h<br \/>El\u00e9vation de T\u00b0 : 68\u00b0C<br \/>Degr\u00e9 de protection : IP24<br \/>Niveau sonore 50 dB<br \/>Poids : 5,3 kg<br \/>Amp\u00e9rage : 14,3 A<br \/>Dimensions L x l x H : 255 x 250 x 398 mm<\/p>\n","protected":false},"excerpt":{"rendered":"<p>Ce chauffage soufflant Red-Hot 3,3 kW est destin\u00e9 pour des locaux jusqu&#8217;\u00e0 30 m\u00b2, offrant une puissance comprise entre 1,65 et 3,3 kW. Caract\u00e9ristiques : Puissance : entre 1,65kW et 3.3 kWTension et capacit\u00e9 de la batterie : 230 V &#8211; 50 HzD\u00e9bit air : 288 m3\/hEl\u00e9vation de T\u00b0 : 68\u00b0CDegr\u00e9 de protection : IP24Niveau [&hellip;]<\/p>\n","protected":false},"featured_media":6054,"template":"","meta":{"inline_featured_image":false},"product_brand":[],"product_cat":[2138],"product_tag":[],"class_list":{"0":"post-6038","1":"product","2":"type-product","3":"status-publish","4":"has-post-thumbnail","6":"product_cat-chauffage-electrique","8":"first","9":"instock","10":"taxable","11":"shipping-taxable","12":"purchasable","13":"product-type-rentable"},"acf":[],"_links":{"self":[{"href":"https:\/\/indie.rent\/catalogue\/wp-json\/wp\/v2\/product\/6038","targetHints":{"allow":["GET"]}}],"collection":[{"href":"https:\/\/indie.rent\/catalogue\/wp-json\/wp\/v2\/product"}],"about":[{"href":"https:\/\/indie.rent\/catalogue\/wp-json\/wp\/v2\/types\/product"}],"version-history":[{"count":0,"href":"https:\/\/indie.rent\/catalogue\/wp-json\/wp\/v2\/product\/6038\/revisions"}],"wp:featuredmedia":[{"embeddable":true,"href":"https:\/\/indie.rent\/catalogue\/wp-json\/wp\/v2\/media\/6054"}],"wp:attachment":[{"href":"https:\/\/indie.rent\/catalogue\/wp-json\/wp\/v2\/media?parent=6038"}],"wp:term":[{"taxonomy":"product_brand","embeddable":true,"href":"https:\/\/indie.rent\/catalogue\/wp-json\/wp\/v2\/product_brand?post=6038"},{"taxonomy":"product_cat","embeddable":true,"href":"https:\/\/indie.rent\/catalogue\/wp-json\/wp\/v2\/product_cat?post=6038"},{"taxonomy":"product_tag","embeddable":true,"href":"https:\/\/indie.rent\/catalogue\/wp-json\/wp\/v2\/product_tag?post=6038"}],"curies":[{"name":"wp","href":"https:\/\/api.w.org\/{rel}","templated":true}]}}