{"id":600,"date":"2025-01-09T10:06:09","date_gmt":"2025-01-09T09:06:09","guid":{"rendered":"https:\/\/indie.rent\/catalogue\/produit\/trepied-leger-hdv-535k-avec-tete-501hdv\/"},"modified":"2026-04-16T17:07:09","modified_gmt":"2026-04-16T15:07:09","slug":"tete-501hdv-avec-trepied-leger-hdv-535k","status":"publish","type":"product","link":"https:\/\/indie.rent\/catalogue\/produit\/tete-501hdv-avec-trepied-leger-hdv-535k\/","title":{"rendered":"T\u00eate 501HDV avec Tr\u00e9pied L\u00e9ger HDV-535K"},"content":{"rendered":"<p>Le tr\u00e9pied Manfrotto 501HDV-535K a une capacit\u00e9 maximale de charge de 6 kg. C\u2019est un pied poss\u00e9dant une t\u00eate fluide, qui peut \u00eatre d\u00e9mont\u00e9e du corps du tr\u00e9pied, ainsi qu\u2019une poign\u00e9e t\u00e9l\u00e9scopique. Il peut permettre de monter son appareil photo ou sa cam\u00e9ra jusqu\u2019\u00e0 une hauteur de 182,5 cm. Chaque pied comporte 3 sections. Aujourd\u2019hui, ce produit n\u2019est plus vendu par le constructeur.<\/p>\n<p>Il p\u00e8se environ 3,9 kg.<\/p>\n","protected":false},"excerpt":{"rendered":"<p>Le tr\u00e9pied Manfrotto 501HDV-535K a une capacit\u00e9 maximale de charge de 6 kg. C\u2019est un pied poss\u00e9dant une t\u00eate fluide, qui peut \u00eatre d\u00e9mont\u00e9e du corps du tr\u00e9pied, ainsi qu\u2019une poign\u00e9e t\u00e9l\u00e9scopique. Il peut permettre de monter son appareil photo ou sa cam\u00e9ra jusqu\u2019\u00e0 une hauteur de 182,5 cm. Chaque pied comporte 3 sections. Aujourd\u2019hui, [&hellip;]<\/p>\n","protected":false},"featured_media":1850,"template":"","meta":{"inline_featured_image":false},"product_brand":[],"product_cat":[2041],"product_tag":[],"class_list":{"0":"post-600","1":"product","2":"type-product","3":"status-publish","4":"has-post-thumbnail","6":"product_cat-tete-et-trepied-75mm","8":"first","9":"instock","10":"taxable","11":"shipping-taxable","12":"purchasable","13":"product-type-rentable"},"acf":[],"_links":{"self":[{"href":"https:\/\/indie.rent\/catalogue\/wp-json\/wp\/v2\/product\/600","targetHints":{"allow":["GET"]}}],"collection":[{"href":"https:\/\/indie.rent\/catalogue\/wp-json\/wp\/v2\/product"}],"about":[{"href":"https:\/\/indie.rent\/catalogue\/wp-json\/wp\/v2\/types\/product"}],"version-history":[{"count":0,"href":"https:\/\/indie.rent\/catalogue\/wp-json\/wp\/v2\/product\/600\/revisions"}],"wp:featuredmedia":[{"embeddable":true,"href":"https:\/\/indie.rent\/catalogue\/wp-json\/wp\/v2\/media\/1850"}],"wp:attachment":[{"href":"https:\/\/indie.rent\/catalogue\/wp-json\/wp\/v2\/media?parent=600"}],"wp:term":[{"taxonomy":"product_brand","embeddable":true,"href":"https:\/\/indie.rent\/catalogue\/wp-json\/wp\/v2\/product_brand?post=600"},{"taxonomy":"product_cat","embeddable":true,"href":"https:\/\/indie.rent\/catalogue\/wp-json\/wp\/v2\/product_cat?post=600"},{"taxonomy":"product_tag","embeddable":true,"href":"https:\/\/indie.rent\/catalogue\/wp-json\/wp\/v2\/product_tag?post=600"}],"curies":[{"name":"wp","href":"https:\/\/api.w.org\/{rel}","templated":true}]}}