{"id":593,"date":"2025-01-09T10:06:05","date_gmt":"2025-01-09T09:06:05","guid":{"rendered":"https:\/\/indie.rent\/catalogue\/produit\/boite-m6-mono-prise-marechal\/"},"modified":"2026-04-16T13:18:23","modified_gmt":"2026-04-16T11:18:23","slug":"boite-m6-mono-prise-marechal","status":"publish","type":"product","link":"https:\/\/indie.rent\/catalogue\/produit\/boite-m6-mono-prise-marechal\/","title":{"rendered":"Bo\u00eete M6 Mono Prise Mar\u00e9chal"},"content":{"rendered":"<p>Bo\u00eete M6 Mono Prise Mar\u00e9chal<\/p>\n<p>Entr\u00e9e : 1x Prise Marechal Mono 32A<br \/>Sorties : 6x PC 16A<\/p>\n","protected":false},"excerpt":{"rendered":"<p>Bo\u00eete M6 Mono Prise Mar\u00e9chal Entr\u00e9e : 1x Prise Marechal Mono 32ASorties : 6x PC 16A<\/p>\n","protected":false},"featured_media":1999,"template":"","meta":{"inline_featured_image":false},"product_brand":[],"product_cat":[2092],"product_tag":[],"class_list":{"0":"post-593","1":"product","2":"type-product","3":"status-publish","4":"has-post-thumbnail","6":"product_cat-32a","8":"first","9":"instock","10":"taxable","11":"shipping-taxable","12":"purchasable","13":"product-type-rentable"},"acf":[],"_links":{"self":[{"href":"https:\/\/indie.rent\/catalogue\/wp-json\/wp\/v2\/product\/593","targetHints":{"allow":["GET"]}}],"collection":[{"href":"https:\/\/indie.rent\/catalogue\/wp-json\/wp\/v2\/product"}],"about":[{"href":"https:\/\/indie.rent\/catalogue\/wp-json\/wp\/v2\/types\/product"}],"version-history":[{"count":0,"href":"https:\/\/indie.rent\/catalogue\/wp-json\/wp\/v2\/product\/593\/revisions"}],"wp:featuredmedia":[{"embeddable":true,"href":"https:\/\/indie.rent\/catalogue\/wp-json\/wp\/v2\/media\/1999"}],"wp:attachment":[{"href":"https:\/\/indie.rent\/catalogue\/wp-json\/wp\/v2\/media?parent=593"}],"wp:term":[{"taxonomy":"product_brand","embeddable":true,"href":"https:\/\/indie.rent\/catalogue\/wp-json\/wp\/v2\/product_brand?post=593"},{"taxonomy":"product_cat","embeddable":true,"href":"https:\/\/indie.rent\/catalogue\/wp-json\/wp\/v2\/product_cat?post=593"},{"taxonomy":"product_tag","embeddable":true,"href":"https:\/\/indie.rent\/catalogue\/wp-json\/wp\/v2\/product_tag?post=593"}],"curies":[{"name":"wp","href":"https:\/\/api.w.org\/{rel}","templated":true}]}}