{"id":5906,"date":"2025-12-11T23:06:06","date_gmt":"2025-12-11T22:06:06","guid":{"rendered":"https:\/\/indie.rent\/catalogue\/produit\/pals-adaptateur-pour-ceinture-crdbag\/"},"modified":"2026-04-16T18:29:59","modified_gmt":"2026-04-16T16:29:59","slug":"adaptateur-pour-ceinture-crdbag","status":"publish","type":"product","link":"https:\/\/indie.rent\/catalogue\/produit\/adaptateur-pour-ceinture-crdbag\/","title":{"rendered":"Adaptateur pour Ceinture &#8211; CRDBAG"},"content":{"rendered":"<p>Le PALS ADAPTER est un accessoire r\u00e9volutionnaire con\u00e7u pour am\u00e9liorer la fonctionnalit\u00e9 de votre CRDPOUCH MKII et d&#8217;autres \u00e9quipements compatibles MOLLE. Parfait pour les professionnels en d\u00e9placement, il garantit que votre \u00e9quipement reste accessible et s\u00e9curis\u00e9 en toutes circonstances.<\/p>\n<p>\u00a0<\/p>\n<p>Lien pr\u00e9sentation :\u00a0https:\/\/www.youtube.com\/watch? v=MtWKov_swIg<\/p>\n","protected":false},"excerpt":{"rendered":"<p>Le PALS ADAPTER est un accessoire r\u00e9volutionnaire con\u00e7u pour am\u00e9liorer la fonctionnalit\u00e9 de votre CRDPOUCH MKII et d&#8217;autres \u00e9quipements compatibles MOLLE. Parfait pour les professionnels en d\u00e9placement, il garantit que votre \u00e9quipement reste accessible et s\u00e9curis\u00e9 en toutes circonstances.<\/p>\n<p>\u00a0<\/p>\n<p>Lien pr\u00e9sentation :\u00a0https:\/\/www.youtube.com\/watch? v=MtWKov_swIg<\/p>\n","protected":false},"featured_media":5908,"template":"","meta":{"inline_featured_image":false},"product_brand":[],"product_cat":[2239],"product_tag":[],"class_list":{"0":"post-5906","1":"product","2":"type-product","3":"status-publish","4":"has-post-thumbnail","6":"product_cat-outillages","8":"first","9":"instock","10":"taxable","11":"shipping-taxable","12":"purchasable","13":"product-type-simple"},"acf":[],"_links":{"self":[{"href":"https:\/\/indie.rent\/catalogue\/wp-json\/wp\/v2\/product\/5906","targetHints":{"allow":["GET"]}}],"collection":[{"href":"https:\/\/indie.rent\/catalogue\/wp-json\/wp\/v2\/product"}],"about":[{"href":"https:\/\/indie.rent\/catalogue\/wp-json\/wp\/v2\/types\/product"}],"version-history":[{"count":0,"href":"https:\/\/indie.rent\/catalogue\/wp-json\/wp\/v2\/product\/5906\/revisions"}],"wp:featuredmedia":[{"embeddable":true,"href":"https:\/\/indie.rent\/catalogue\/wp-json\/wp\/v2\/media\/5908"}],"wp:attachment":[{"href":"https:\/\/indie.rent\/catalogue\/wp-json\/wp\/v2\/media?parent=5906"}],"wp:term":[{"taxonomy":"product_brand","embeddable":true,"href":"https:\/\/indie.rent\/catalogue\/wp-json\/wp\/v2\/product_brand?post=5906"},{"taxonomy":"product_cat","embeddable":true,"href":"https:\/\/indie.rent\/catalogue\/wp-json\/wp\/v2\/product_cat?post=5906"},{"taxonomy":"product_tag","embeddable":true,"href":"https:\/\/indie.rent\/catalogue\/wp-json\/wp\/v2\/product_tag?post=5906"}],"curies":[{"name":"wp","href":"https:\/\/api.w.org\/{rel}","templated":true}]}}