{"id":590,"date":"2025-01-09T10:06:03","date_gmt":"2025-01-09T09:06:03","guid":{"rendered":"https:\/\/indie.rent\/catalogue\/produit\/batterie-bebob-v-mount-micro-95wh-v98-micro\/"},"modified":"2026-04-13T19:04:15","modified_gmt":"2026-04-13T17:04:15","slug":"batterie-bebob-v-mount-micro-95wh-v98-micro","status":"publish","type":"product","link":"https:\/\/indie.rent\/catalogue\/produit\/batterie-bebob-v-mount-micro-95wh-v98-micro\/","title":{"rendered":"Batterie Bebob V-Mount Micro 95Wh \/ V98 Micro"},"content":{"rendered":"<p>Micro V-lock V98<\/p>\n<p>La batterie V-Mount Bebob V98 est une batterie Li-Ion pouvant fournir 98 Wh (ou 6,8 Ah), avec une intensit\u00e9 de 14,4 V. Son courant de d\u00e9charge maximum est de 8 A. Elle poss\u00e8de une prise D-Tap (d\u2019un amp\u00e9rage de 2,5 A maximum), ainsi qu\u2019un port USB de 5 V avec un amp\u00e9rage de 1 A maximum. Sur le c\u00f4t\u00e9 il y a 5 LED qui permettent de suivre le niveau de charge restant de la batterie.  Il lui faut un temps de charge d\u2019environ 2h pour qu\u2019elle atteigne sa capacit\u00e9 maximum. Elle est compatible avec les chargeurs Bebob, LDX ou encore Sony.<\/p>\n<p>Elle p\u00e8se seulement 630 g.<\/p>\n<p>Dimensions sont : 94 x 144 x 39 mm.<\/p>\n<p>Nous mettons \u00e0 disposition des chargeurs 2 voies ou 4 voies en fonction de la quantit\u00e9 de batteries lou\u00e9es.<\/p>\n","protected":false},"excerpt":{"rendered":"<p>Micro V-lock V98 La batterie V-Mount Bebob V98 est une batterie Li-Ion pouvant fournir 98 Wh (ou 6,8 Ah), avec une intensit\u00e9 de 14,4 V. Son courant de d\u00e9charge maximum est de 8 A. Elle poss\u00e8de une prise D-Tap (d\u2019un amp\u00e9rage de 2,5 A maximum), ainsi qu\u2019un port USB de 5 V avec un amp\u00e9rage [&hellip;]<\/p>\n","protected":false},"featured_media":2782,"template":"","meta":{"inline_featured_image":false},"product_brand":[],"product_cat":[2076],"product_tag":[],"class_list":{"0":"post-590","1":"product","2":"type-product","3":"status-publish","4":"has-post-thumbnail","6":"product_cat-v-mount-camera","8":"first","9":"instock","10":"taxable","11":"shipping-taxable","12":"purchasable","13":"product-type-rentable"},"acf":[],"_links":{"self":[{"href":"https:\/\/indie.rent\/catalogue\/wp-json\/wp\/v2\/product\/590","targetHints":{"allow":["GET"]}}],"collection":[{"href":"https:\/\/indie.rent\/catalogue\/wp-json\/wp\/v2\/product"}],"about":[{"href":"https:\/\/indie.rent\/catalogue\/wp-json\/wp\/v2\/types\/product"}],"version-history":[{"count":0,"href":"https:\/\/indie.rent\/catalogue\/wp-json\/wp\/v2\/product\/590\/revisions"}],"wp:featuredmedia":[{"embeddable":true,"href":"https:\/\/indie.rent\/catalogue\/wp-json\/wp\/v2\/media\/2782"}],"wp:attachment":[{"href":"https:\/\/indie.rent\/catalogue\/wp-json\/wp\/v2\/media?parent=590"}],"wp:term":[{"taxonomy":"product_brand","embeddable":true,"href":"https:\/\/indie.rent\/catalogue\/wp-json\/wp\/v2\/product_brand?post=590"},{"taxonomy":"product_cat","embeddable":true,"href":"https:\/\/indie.rent\/catalogue\/wp-json\/wp\/v2\/product_cat?post=590"},{"taxonomy":"product_tag","embeddable":true,"href":"https:\/\/indie.rent\/catalogue\/wp-json\/wp\/v2\/product_tag?post=590"}],"curies":[{"name":"wp","href":"https:\/\/api.w.org\/{rel}","templated":true}]}}