{"id":5892,"date":"2025-12-10T23:08:57","date_gmt":"2025-12-10T22:08:57","guid":{"rendered":"https:\/\/indie.rent\/catalogue\/produit\/poche-organisation-small-crdbag\/"},"modified":"2026-04-15T11:14:33","modified_gmt":"2026-04-15T09:14:33","slug":"poche-organisation-small-crdbag","status":"publish","type":"product","link":"https:\/\/indie.rent\/catalogue\/produit\/poche-organisation-small-crdbag\/","title":{"rendered":"Poche Organisation Small &#8211; CRDBAG"},"content":{"rendered":"<p>Poche CRDBAG MKII utile pour le rangement d&#8217;outils et\/ou \u00e9quipements. Cette poche vous permettra d&#8217;organiser au mieux votre mat\u00e9riels personnel lors des tournages.<\/p>\n<p>Les mat\u00e9riaux utilis\u00e9s et sa r\u00e9sistance \u00e0 l&#8217;eau lui conf\u00e8rent une bonne durabilit\u00e9 dans le temps.<\/p>\n<p>Dimensions :\u00a0235 x 150 x 30 mm (9.25&#8243; W x 5.9&#8243; H x 1.18&#8243; D)<br \/>Mat\u00e9riaux :\u00a0900D Nylon, e-Hypalon, Recyclable TPU\/ mesh film, YKK Aquaguard Zipper &amp; HK sling hook.<br \/>Poids :\u00a095 g (0.2 lbs)<\/p>\n<p>\u00a0<\/p>\n<p>Lien pr\u00e9sentation :\u00a0https:\/\/www.youtube.com\/watch? v=MtWKov_swIg<\/p>\n","protected":false},"excerpt":{"rendered":"<p>Poche CRDBAG MKII utile pour le rangement d&#8217;outils et\/ou \u00e9quipements. Cette poche vous permettra d&#8217;organiser au mieux votre mat\u00e9riels personnel lors des tournages.<\/p>\n<p>Les mat\u00e9riaux utilis\u00e9s et sa r\u00e9sistance \u00e0 l&#8217;eau lui conf\u00e8rent une bonne durabilit\u00e9 dans le temps.<\/p>\n<p>Dimensions :\u00a0235 x 150 x 30 mm (9.25&#8243; W x 5.9&#8243; H x 1.18&#8243; D)<br \/>Mat\u00e9riaux :\u00a0900D Nylon, e-Hypalon, Recyclable TPU\/ mesh film, YKK Aquaguard Zipper &amp; HK sling hook.<br \/>Poids :\u00a095 g (0.2 lbs)<\/p>\n<p>\u00a0<\/p>\n<p>Lien pr\u00e9sentation :\u00a0https:\/\/www.youtube.com\/watch? v=MtWKov_swIg<\/p>\n","protected":false},"featured_media":5896,"template":"","meta":{"inline_featured_image":false},"product_brand":[],"product_cat":[2239],"product_tag":[],"class_list":{"0":"post-5892","1":"product","2":"type-product","3":"status-publish","4":"has-post-thumbnail","6":"product_cat-outillages","8":"first","9":"instock","10":"taxable","11":"shipping-taxable","12":"purchasable","13":"product-type-simple"},"acf":[],"_links":{"self":[{"href":"https:\/\/indie.rent\/catalogue\/wp-json\/wp\/v2\/product\/5892","targetHints":{"allow":["GET"]}}],"collection":[{"href":"https:\/\/indie.rent\/catalogue\/wp-json\/wp\/v2\/product"}],"about":[{"href":"https:\/\/indie.rent\/catalogue\/wp-json\/wp\/v2\/types\/product"}],"version-history":[{"count":0,"href":"https:\/\/indie.rent\/catalogue\/wp-json\/wp\/v2\/product\/5892\/revisions"}],"wp:featuredmedia":[{"embeddable":true,"href":"https:\/\/indie.rent\/catalogue\/wp-json\/wp\/v2\/media\/5896"}],"wp:attachment":[{"href":"https:\/\/indie.rent\/catalogue\/wp-json\/wp\/v2\/media?parent=5892"}],"wp:term":[{"taxonomy":"product_brand","embeddable":true,"href":"https:\/\/indie.rent\/catalogue\/wp-json\/wp\/v2\/product_brand?post=5892"},{"taxonomy":"product_cat","embeddable":true,"href":"https:\/\/indie.rent\/catalogue\/wp-json\/wp\/v2\/product_cat?post=5892"},{"taxonomy":"product_tag","embeddable":true,"href":"https:\/\/indie.rent\/catalogue\/wp-json\/wp\/v2\/product_tag?post=5892"}],"curies":[{"name":"wp","href":"https:\/\/api.w.org\/{rel}","templated":true}]}}