{"id":5891,"date":"2025-12-10T23:08:12","date_gmt":"2025-12-10T22:08:12","guid":{"rendered":"https:\/\/indie.rent\/catalogue\/produit\/poche-half-brick-graphite-crdbag\/"},"modified":"2026-04-10T10:59:47","modified_gmt":"2026-04-10T08:59:47","slug":"poche-half-brick-graphite-crdbag","status":"publish","type":"product","link":"https:\/\/indie.rent\/catalogue\/produit\/poche-half-brick-graphite-crdbag\/","title":{"rendered":"Poche Half Brick Graphite &#8211; CRDBAG"},"content":{"rendered":"<p>Poche type &#8220;Brique&#8221; utile pour le rangement d&#8217;outils et\/ou \u00e9quipements. Cette poche vous permettra d&#8217;organiser au mieux votre mat\u00e9riels personnel lors des tournages.<\/p>\n<p>Les mat\u00e9riaux utilis\u00e9s et sa r\u00e9sistance \u00e0 l&#8217;eau lui conf\u00e8rent une bonne durabilit\u00e9 dans le temps.<\/p>\n<p>Dimensions: 120 x 130 x 60 mm (4.72\u201dW x 5.12\u201dH x 2.36\u201dD)<\/p>\n<p>Materiaux: 900D Nylon, TPU\/Mesh Laminate, YKK Aquaguard Zipper<\/p>\n<p>Poids: 166 g (0.37 lbs)<\/p>\n<p>Lien pr\u00e9sentation :\u00a0https:\/\/www.youtube.com\/watch? v=MtWKov_swIg<\/p>\n","protected":false},"excerpt":{"rendered":"<p>Poche type &#8220;Brique&#8221; utile pour le rangement d&#8217;outils et\/ou \u00e9quipements. Cette poche vous permettra d&#8217;organiser au mieux votre mat\u00e9riels personnel lors des tournages.<\/p>\n<p>Les mat\u00e9riaux utilis\u00e9s et sa r\u00e9sistance \u00e0 l&#8217;eau lui conf\u00e8rent une bonne durabilit\u00e9 dans le temps.<\/p>\n<p>Dimensions: 120 x 130 x 60 mm (4.72\u201dW x 5.12\u201dH x 2.36\u201dD)<\/p>\n<p>Materiaux: 900D Nylon, TPU\/Mesh Laminate, YKK Aquaguard Zipper<\/p>\n<p>Poids: 166 g (0.37 lbs)<\/p>\n<p>\u00a0<\/p>\n<p>Lien pr\u00e9sentation :\u00a0https:\/\/www.youtube.com\/watch? v=MtWKov_swIg<\/p>\n","protected":false},"featured_media":5895,"template":"","meta":{"inline_featured_image":false},"product_brand":[],"product_cat":[2239],"product_tag":[],"class_list":{"0":"post-5891","1":"product","2":"type-product","3":"status-publish","4":"has-post-thumbnail","6":"product_cat-outillages","8":"first","9":"instock","10":"taxable","11":"shipping-taxable","12":"purchasable","13":"product-type-simple"},"acf":[],"_links":{"self":[{"href":"https:\/\/indie.rent\/catalogue\/wp-json\/wp\/v2\/product\/5891","targetHints":{"allow":["GET"]}}],"collection":[{"href":"https:\/\/indie.rent\/catalogue\/wp-json\/wp\/v2\/product"}],"about":[{"href":"https:\/\/indie.rent\/catalogue\/wp-json\/wp\/v2\/types\/product"}],"version-history":[{"count":0,"href":"https:\/\/indie.rent\/catalogue\/wp-json\/wp\/v2\/product\/5891\/revisions"}],"wp:featuredmedia":[{"embeddable":true,"href":"https:\/\/indie.rent\/catalogue\/wp-json\/wp\/v2\/media\/5895"}],"wp:attachment":[{"href":"https:\/\/indie.rent\/catalogue\/wp-json\/wp\/v2\/media?parent=5891"}],"wp:term":[{"taxonomy":"product_brand","embeddable":true,"href":"https:\/\/indie.rent\/catalogue\/wp-json\/wp\/v2\/product_brand?post=5891"},{"taxonomy":"product_cat","embeddable":true,"href":"https:\/\/indie.rent\/catalogue\/wp-json\/wp\/v2\/product_cat?post=5891"},{"taxonomy":"product_tag","embeddable":true,"href":"https:\/\/indie.rent\/catalogue\/wp-json\/wp\/v2\/product_tag?post=5891"}],"curies":[{"name":"wp","href":"https:\/\/api.w.org\/{rel}","templated":true}]}}