{"id":5885,"date":"2025-12-09T23:02:37","date_gmt":"2025-12-09T22:02:37","guid":{"rendered":"https:\/\/indie.rent\/catalogue\/produit\/enregistreur-atomos-ninja-star-apple-prores\/"},"modified":"2026-04-13T19:12:53","modified_gmt":"2026-04-13T17:12:53","slug":"enregistreur-atomos-ninja-star-apple-prores","status":"publish","type":"product","link":"https:\/\/indie.rent\/catalogue\/produit\/enregistreur-atomos-ninja-star-apple-prores\/","title":{"rendered":"Enregistreur Atomos Ninja Star &#8211; Apple ProRes"},"content":{"rendered":"<p>Le Ninja Star est un mini-enregistreur HDMI con\u00e7u pour se connecter \u00e0 des reflex. Il enregistre au format ProRes d&#8217;Apple, en 4:2:2 10 bits sur des cartes CFast (jusqu&#8217;\u00e0 250 Go).<\/p>\n<p>\u00a0<\/p>\n<p>Pesant \u00e0 peine 100 g pour une taille de 8,8 x 5,8 x 2 cm (L x H x P), il s&#8217;adapte parfaitement aux tournages de sports extr\u00eames et de t\u00e9l\u00e9-r\u00e9alit\u00e9, o\u00f9 compacit\u00e9 et discr\u00e9tion sont requises. Sa batterie autorise 5 heures d&#8217;autonomie.<\/p>\n<p>\u00a0<\/p>\n<p>Caract\u00e9ristiques techniques :<br \/>\u00a0<\/p>\n<p>Entr\u00e9e vid\u00e9o : Micro-HDMI non-compress\u00e9e<br \/>Sortie vid\u00e9o: Micro-HDMI<br \/>Entr\u00e9e audio : 2 canaux embedd\u00e9 HDMI, 2 canaux analogiques niveau Ligne<br \/>Support : HD 1080i60, 1080i59.94, 1080i50, 1080p30, 1080p29,97, 1080p25, 1080p24, 1080p23.98, 1080pSF30, 1080pSF29.97, 1080pSF25, 1080pSF24, 1080pSF23.98, 720p60, 720p59.94, 720p50, SD 486i59.94, 576i50<\/p>\n","protected":false},"excerpt":{"rendered":"<p>Le Ninja Star est un mini-enregistreur HDMI con\u00e7u pour se connecter \u00e0 des reflex. Il enregistre au format ProRes d&#8217;Apple, en 4:2:2 10 bits sur des cartes CFast (jusqu&#8217;\u00e0 250 Go). \u00a0 Pesant \u00e0 peine 100 g pour une taille de 8,8 x 5,8 x 2 cm (L x H x P), il s&#8217;adapte parfaitement [&hellip;]<\/p>\n","protected":false},"featured_media":5886,"template":"","meta":{"inline_featured_image":false},"product_brand":[],"product_cat":[1966],"product_tag":[],"class_list":{"0":"post-5885","1":"product","2":"type-product","3":"status-publish","4":"has-post-thumbnail","6":"product_cat-enregistreur-video","8":"first","9":"instock","10":"taxable","11":"shipping-taxable","12":"purchasable","13":"product-type-rentable"},"acf":[],"_links":{"self":[{"href":"https:\/\/indie.rent\/catalogue\/wp-json\/wp\/v2\/product\/5885","targetHints":{"allow":["GET"]}}],"collection":[{"href":"https:\/\/indie.rent\/catalogue\/wp-json\/wp\/v2\/product"}],"about":[{"href":"https:\/\/indie.rent\/catalogue\/wp-json\/wp\/v2\/types\/product"}],"version-history":[{"count":0,"href":"https:\/\/indie.rent\/catalogue\/wp-json\/wp\/v2\/product\/5885\/revisions"}],"wp:featuredmedia":[{"embeddable":true,"href":"https:\/\/indie.rent\/catalogue\/wp-json\/wp\/v2\/media\/5886"}],"wp:attachment":[{"href":"https:\/\/indie.rent\/catalogue\/wp-json\/wp\/v2\/media?parent=5885"}],"wp:term":[{"taxonomy":"product_brand","embeddable":true,"href":"https:\/\/indie.rent\/catalogue\/wp-json\/wp\/v2\/product_brand?post=5885"},{"taxonomy":"product_cat","embeddable":true,"href":"https:\/\/indie.rent\/catalogue\/wp-json\/wp\/v2\/product_cat?post=5885"},{"taxonomy":"product_tag","embeddable":true,"href":"https:\/\/indie.rent\/catalogue\/wp-json\/wp\/v2\/product_tag?post=5885"}],"curies":[{"name":"wp","href":"https:\/\/api.w.org\/{rel}","templated":true}]}}