{"id":5849,"date":"2025-12-02T23:07:01","date_gmt":"2025-12-02T22:07:01","guid":{"rendered":"https:\/\/indie.rent\/catalogue\/produit\/bouclier-acoustique-the-t-bone-micscreen-xl\/"},"modified":"2026-04-04T00:18:50","modified_gmt":"2026-04-03T22:18:50","slug":"bouclier-acoustique-the-t-bone-micscreen-xl","status":"publish","type":"product","link":"https:\/\/indie.rent\/catalogue\/produit\/bouclier-acoustique-the-t-bone-micscreen-xl\/","title":{"rendered":"Bouclier Acoustique The T.Bone Micscreen XL"},"content":{"rendered":"<p>Bouclier acoustique The T.Bone\u00a0Micscreen XL<\/p>\n<p>Pour am\u00e9liorer la qualit\u00e9 des enregistrements vocaux, le bouclier acoustique r\u00e9duit efficacement les echos et r\u00e9flexions ind\u00e9sirables autour du microphone. Sa structure m\u00e9tallique l\u00e9g\u00e8re et sa mousse acoustique haute densit\u00e9 offrent une isolation sonore optimale, id\u00e9ale pour les voix, podcasts, voix-off ou streaming.<\/p>\n<p>Facile \u00e0 installer, il peut se fixer sur un pied de micro ou se poser sur une surface gr\u00e2ce \u00e0 ses pieds int\u00e9gr\u00e9s. Compact et portable, il constitue une solution simple et efficace pour obtenir un son propre, m\u00eame dans une pi\u00e8ce non trait\u00e9e.<\/p>\n<p>Caract\u00e9ristiques\u00a0 :<\/p>\n<p>&#8211; Bouclier acoustique portable<\/p>\n<p>&#8211; Mousse absorbante haute densit\u00e9<\/p>\n<p>&#8211; Compatible avec la plupart des microphones<\/p>\n<p>&#8211; Montage sur pied ou utilisation autonome<\/p>\n<p>&#8211; R\u00e9duction de la r\u00e9verb\u00e9ration et des bruits ambiants<\/p>\n<p>&#8211; Format compact et l\u00e9ger<\/p>\n<p>&#8211; Dimensions : 80 x 32 cm<\/p>\n<p>&#8211; Poids : 2,70 kg<\/p>\n","protected":false},"excerpt":{"rendered":"<p>Bouclier acoustique The T.Bone\u00a0Micscreen XL Pour am\u00e9liorer la qualit\u00e9 des enregistrements vocaux, le bouclier acoustique r\u00e9duit efficacement les echos et r\u00e9flexions ind\u00e9sirables autour du microphone. Sa structure m\u00e9tallique l\u00e9g\u00e8re et sa mousse acoustique haute densit\u00e9 offrent une isolation sonore optimale, id\u00e9ale pour les voix, podcasts, voix-off ou streaming. Facile \u00e0 installer, il peut se fixer [&hellip;]<\/p>\n","protected":false},"featured_media":5854,"template":"","meta":{"inline_featured_image":false},"product_brand":[],"product_cat":[2214],"product_tag":[],"class_list":{"0":"post-5849","1":"product","2":"type-product","3":"status-publish","4":"has-post-thumbnail","6":"product_cat-equipement-audio","8":"first","9":"instock","10":"taxable","11":"shipping-taxable","12":"purchasable","13":"product-type-rentable"},"acf":[],"_links":{"self":[{"href":"https:\/\/indie.rent\/catalogue\/wp-json\/wp\/v2\/product\/5849","targetHints":{"allow":["GET"]}}],"collection":[{"href":"https:\/\/indie.rent\/catalogue\/wp-json\/wp\/v2\/product"}],"about":[{"href":"https:\/\/indie.rent\/catalogue\/wp-json\/wp\/v2\/types\/product"}],"version-history":[{"count":0,"href":"https:\/\/indie.rent\/catalogue\/wp-json\/wp\/v2\/product\/5849\/revisions"}],"wp:featuredmedia":[{"embeddable":true,"href":"https:\/\/indie.rent\/catalogue\/wp-json\/wp\/v2\/media\/5854"}],"wp:attachment":[{"href":"https:\/\/indie.rent\/catalogue\/wp-json\/wp\/v2\/media?parent=5849"}],"wp:term":[{"taxonomy":"product_brand","embeddable":true,"href":"https:\/\/indie.rent\/catalogue\/wp-json\/wp\/v2\/product_brand?post=5849"},{"taxonomy":"product_cat","embeddable":true,"href":"https:\/\/indie.rent\/catalogue\/wp-json\/wp\/v2\/product_cat?post=5849"},{"taxonomy":"product_tag","embeddable":true,"href":"https:\/\/indie.rent\/catalogue\/wp-json\/wp\/v2\/product_tag?post=5849"}],"curies":[{"name":"wp","href":"https:\/\/api.w.org\/{rel}","templated":true}]}}