{"id":5833,"date":"2025-11-28T23:07:03","date_gmt":"2025-11-28T22:07:03","guid":{"rendered":"https:\/\/indie.rent\/catalogue\/produit\/projecteur-tungstene-fresnel-2kw-ltm-lt2000-bon\/"},"modified":"2026-04-15T18:03:33","modified_gmt":"2026-04-15T16:03:33","slug":"projecteur-tungstene-fresnel-2kw-ltm-lt2000","status":"publish","type":"product","link":"https:\/\/indie.rent\/catalogue\/produit\/projecteur-tungstene-fresnel-2kw-ltm-lt2000\/","title":{"rendered":"Projecteur Tungst\u00e8ne Fresnel 2Kw LTM LT2000"},"content":{"rendered":"<p>Puissance Max : 2000w<\/p>\n<p>Poids (avec volet) : 11kg<\/p>\n<p>Taille : A d\u00e9terminer<\/p>\n<p>Indice de Protection : IP20<\/p>\n<p>Mod\u00e8le de lampe : CP 73 FKK (Culot G38)<\/p>\n<p>Monture de la lyre : Spigot 28 M\u00e2le<\/p>\n<p>Prise : PC 16A<\/p>\n","protected":false},"excerpt":{"rendered":"<p>Puissance Max : 2000w Poids (avec volet) : 11kg Taille : A d\u00e9terminer Indice de Protection : IP20 Mod\u00e8le de lampe : CP 73 FKK (Culot G38) Monture de la lyre : Spigot 28 M\u00e2le Prise : PC 16A<\/p>\n","protected":false},"featured_media":5834,"template":"","meta":{"inline_featured_image":false},"product_brand":[],"product_cat":[2486],"product_tag":[],"class_list":{"0":"post-5833","1":"product","2":"type-product","3":"status-publish","4":"has-post-thumbnail","6":"product_cat-tungstene-2kw","8":"first","9":"instock","10":"taxable","11":"shipping-taxable","12":"purchasable","13":"product-type-rentable"},"acf":[],"_links":{"self":[{"href":"https:\/\/indie.rent\/catalogue\/wp-json\/wp\/v2\/product\/5833","targetHints":{"allow":["GET"]}}],"collection":[{"href":"https:\/\/indie.rent\/catalogue\/wp-json\/wp\/v2\/product"}],"about":[{"href":"https:\/\/indie.rent\/catalogue\/wp-json\/wp\/v2\/types\/product"}],"version-history":[{"count":1,"href":"https:\/\/indie.rent\/catalogue\/wp-json\/wp\/v2\/product\/5833\/revisions"}],"predecessor-version":[{"id":6732,"href":"https:\/\/indie.rent\/catalogue\/wp-json\/wp\/v2\/product\/5833\/revisions\/6732"}],"wp:featuredmedia":[{"embeddable":true,"href":"https:\/\/indie.rent\/catalogue\/wp-json\/wp\/v2\/media\/5834"}],"wp:attachment":[{"href":"https:\/\/indie.rent\/catalogue\/wp-json\/wp\/v2\/media?parent=5833"}],"wp:term":[{"taxonomy":"product_brand","embeddable":true,"href":"https:\/\/indie.rent\/catalogue\/wp-json\/wp\/v2\/product_brand?post=5833"},{"taxonomy":"product_cat","embeddable":true,"href":"https:\/\/indie.rent\/catalogue\/wp-json\/wp\/v2\/product_cat?post=5833"},{"taxonomy":"product_tag","embeddable":true,"href":"https:\/\/indie.rent\/catalogue\/wp-json\/wp\/v2\/product_tag?post=5833"}],"curies":[{"name":"wp","href":"https:\/\/api.w.org\/{rel}","templated":true}]}}