{"id":569,"date":"2025-01-09T10:05:56","date_gmt":"2025-01-09T09:05:56","guid":{"rendered":"https:\/\/indie.rent\/catalogue\/produit\/dedolight-dlhm4-300\/"},"modified":"2026-04-16T18:10:55","modified_gmt":"2026-04-16T16:10:55","slug":"projecteur-tungstene-dedolight-dlhm4-300","status":"publish","type":"product","link":"https:\/\/indie.rent\/catalogue\/produit\/projecteur-tungstene-dedolight-dlhm4-300\/","title":{"rendered":"Projecteur Tungst\u00e8ne DEDOLIGHT DLHM4-300"},"content":{"rendered":"<p>Puissance Max : 150w (Dimmer Int\u00e9gr\u00e9)<\/p>\n<p>Poids (avec volet) : 1,02kg<\/p>\n<p>Taille : 17,1x 113,2 x 17,4 cm<\/p>\n<p>Indice de Protection : IP22<\/p>\n<p>Mod\u00e8le de lampe : HLX 150w (Culot GY6.35)<\/p>\n<p>Monture de la lyre : Spigot 16 Femelle<\/p>\n<p>Prise : PC 16A<\/p>\n","protected":false},"excerpt":{"rendered":"<p>Puissance Max : 150w (Dimmer Int\u00e9gr\u00e9) Poids (avec volet) : 1,02kg Taille : 17,1x 113,2 x 17,4 cm Indice de Protection : IP22 Mod\u00e8le de lampe : HLX 150w (Culot GY6.35) Monture de la lyre : Spigot 16 Femelle Prise : PC 16A<\/p>\n","protected":false},"featured_media":2627,"template":"","meta":{"inline_featured_image":false},"product_brand":[],"product_cat":[2023],"product_tag":[],"class_list":{"0":"post-569","1":"product","2":"type-product","3":"status-publish","4":"has-post-thumbnail","6":"product_cat-tungstene-1kw","8":"first","9":"instock","10":"taxable","11":"shipping-taxable","12":"purchasable","13":"product-type-rentable"},"acf":[],"_links":{"self":[{"href":"https:\/\/indie.rent\/catalogue\/wp-json\/wp\/v2\/product\/569","targetHints":{"allow":["GET"]}}],"collection":[{"href":"https:\/\/indie.rent\/catalogue\/wp-json\/wp\/v2\/product"}],"about":[{"href":"https:\/\/indie.rent\/catalogue\/wp-json\/wp\/v2\/types\/product"}],"version-history":[{"count":0,"href":"https:\/\/indie.rent\/catalogue\/wp-json\/wp\/v2\/product\/569\/revisions"}],"wp:featuredmedia":[{"embeddable":true,"href":"https:\/\/indie.rent\/catalogue\/wp-json\/wp\/v2\/media\/2627"}],"wp:attachment":[{"href":"https:\/\/indie.rent\/catalogue\/wp-json\/wp\/v2\/media?parent=569"}],"wp:term":[{"taxonomy":"product_brand","embeddable":true,"href":"https:\/\/indie.rent\/catalogue\/wp-json\/wp\/v2\/product_brand?post=569"},{"taxonomy":"product_cat","embeddable":true,"href":"https:\/\/indie.rent\/catalogue\/wp-json\/wp\/v2\/product_cat?post=569"},{"taxonomy":"product_tag","embeddable":true,"href":"https:\/\/indie.rent\/catalogue\/wp-json\/wp\/v2\/product_tag?post=569"}],"curies":[{"name":"wp","href":"https:\/\/api.w.org\/{rel}","templated":true}]}}