{"id":566,"date":"2025-01-09T10:05:55","date_gmt":"2025-01-09T09:05:55","guid":{"rendered":"https:\/\/indie.rent\/catalogue\/produit\/camera-riser-mitchell-15cm\/"},"modified":"2026-04-16T18:08:38","modified_gmt":"2026-04-16T16:08:38","slug":"camera-riser-mitchell-15cm","status":"publish","type":"product","link":"https:\/\/indie.rent\/catalogue\/produit\/camera-riser-mitchell-15cm\/","title":{"rendered":"Camera Riser Mitchell 15cm"},"content":{"rendered":"<p>Ce r\u00e9hausseur permet de sur\u00e9lever de 15cm n&#8217;importe quelle t\u00eate ou accessoire en monture Mitchell.<\/p>\n","protected":false},"excerpt":{"rendered":"<p>Ce r\u00e9hausseur permet de sur\u00e9lever de 15cm n&#8217;importe quelle t\u00eate ou accessoire en monture Mitchell.<\/p>\n","protected":false},"featured_media":2561,"template":"","meta":{"inline_featured_image":false},"product_brand":[],"product_cat":[2037],"product_tag":[],"class_list":{"0":"post-566","1":"product","2":"type-product","3":"status-publish","4":"has-post-thumbnail","6":"product_cat-tete-et-trepied-mitchell","8":"first","9":"instock","10":"taxable","11":"shipping-taxable","12":"purchasable","13":"product-type-rentable"},"acf":[],"_links":{"self":[{"href":"https:\/\/indie.rent\/catalogue\/wp-json\/wp\/v2\/product\/566","targetHints":{"allow":["GET"]}}],"collection":[{"href":"https:\/\/indie.rent\/catalogue\/wp-json\/wp\/v2\/product"}],"about":[{"href":"https:\/\/indie.rent\/catalogue\/wp-json\/wp\/v2\/types\/product"}],"version-history":[{"count":0,"href":"https:\/\/indie.rent\/catalogue\/wp-json\/wp\/v2\/product\/566\/revisions"}],"wp:featuredmedia":[{"embeddable":true,"href":"https:\/\/indie.rent\/catalogue\/wp-json\/wp\/v2\/media\/2561"}],"wp:attachment":[{"href":"https:\/\/indie.rent\/catalogue\/wp-json\/wp\/v2\/media?parent=566"}],"wp:term":[{"taxonomy":"product_brand","embeddable":true,"href":"https:\/\/indie.rent\/catalogue\/wp-json\/wp\/v2\/product_brand?post=566"},{"taxonomy":"product_cat","embeddable":true,"href":"https:\/\/indie.rent\/catalogue\/wp-json\/wp\/v2\/product_cat?post=566"},{"taxonomy":"product_tag","embeddable":true,"href":"https:\/\/indie.rent\/catalogue\/wp-json\/wp\/v2\/product_tag?post=566"}],"curies":[{"name":"wp","href":"https:\/\/api.w.org\/{rel}","templated":true}]}}