{"id":565,"date":"2025-01-09T10:05:54","date_gmt":"2025-01-09T09:05:54","guid":{"rendered":"https:\/\/indie.rent\/catalogue\/produit\/disjoncteur-differentiel-63a-triphase\/"},"modified":"2026-04-10T10:31:28","modified_gmt":"2026-04-10T08:31:28","slug":"disjoncteur-differentiel-63a-triphase","status":"publish","type":"product","link":"https:\/\/indie.rent\/catalogue\/produit\/disjoncteur-differentiel-63a-triphase\/","title":{"rendered":"Disjoncteur diff\u00e9rentiel 63A Triphas\u00e9"},"content":{"rendered":"<p>Disjoncteur Diff\u00e9rentiel 63A<\/p>\n<p>Entr\u00e9e : Mar\u00e9chal 63A TRI M\u00e2le<br \/>Sortie : Mar\u00e9chal 63A TRI Femelle<br \/>Sensibilit\u00e9 du diff\u00e9rentiel : 30mA<\/p>\n","protected":false},"excerpt":{"rendered":"<p>Disjoncteur Diff\u00e9rentiel 63A Entr\u00e9e : Mar\u00e9chal 63A TRI M\u00e2leSortie : Mar\u00e9chal 63A TRI FemelleSensibilit\u00e9 du diff\u00e9rentiel : 30mA<\/p>\n","protected":false},"featured_media":2515,"template":"","meta":{"inline_featured_image":false},"product_brand":[],"product_cat":[2093],"product_tag":[],"class_list":{"0":"post-565","1":"product","2":"type-product","3":"status-publish","4":"has-post-thumbnail","6":"product_cat-63a","8":"first","9":"instock","10":"taxable","11":"shipping-taxable","12":"purchasable","13":"product-type-rentable"},"acf":[],"_links":{"self":[{"href":"https:\/\/indie.rent\/catalogue\/wp-json\/wp\/v2\/product\/565","targetHints":{"allow":["GET"]}}],"collection":[{"href":"https:\/\/indie.rent\/catalogue\/wp-json\/wp\/v2\/product"}],"about":[{"href":"https:\/\/indie.rent\/catalogue\/wp-json\/wp\/v2\/types\/product"}],"version-history":[{"count":0,"href":"https:\/\/indie.rent\/catalogue\/wp-json\/wp\/v2\/product\/565\/revisions"}],"wp:featuredmedia":[{"embeddable":true,"href":"https:\/\/indie.rent\/catalogue\/wp-json\/wp\/v2\/media\/2515"}],"wp:attachment":[{"href":"https:\/\/indie.rent\/catalogue\/wp-json\/wp\/v2\/media?parent=565"}],"wp:term":[{"taxonomy":"product_brand","embeddable":true,"href":"https:\/\/indie.rent\/catalogue\/wp-json\/wp\/v2\/product_brand?post=565"},{"taxonomy":"product_cat","embeddable":true,"href":"https:\/\/indie.rent\/catalogue\/wp-json\/wp\/v2\/product_cat?post=565"},{"taxonomy":"product_tag","embeddable":true,"href":"https:\/\/indie.rent\/catalogue\/wp-json\/wp\/v2\/product_tag?post=565"}],"curies":[{"name":"wp","href":"https:\/\/api.w.org\/{rel}","templated":true}]}}