{"id":564,"date":"2025-01-09T10:05:54","date_gmt":"2025-01-09T09:05:54","guid":{"rendered":"https:\/\/indie.rent\/catalogue\/produit\/bras-girafe-leger-black-light-boom-085b\/"},"modified":"2026-04-16T18:37:12","modified_gmt":"2026-04-16T16:37:12","slug":"bras-girafe-leger-black-light-boom-085b","status":"publish","type":"product","link":"https:\/\/indie.rent\/catalogue\/produit\/bras-girafe-leger-black-light-boom-085b\/","title":{"rendered":"Bras Girafe L\u00e9ger Black Light Boom &#8211; 085B"},"content":{"rendered":"<p>Polyvalente et durable, cette girafe est id\u00e9ale pour tous vos besoins support en lumi\u00e8re. Sa hauteur maximale est de 210 cm. La perche seule supporte un poids de 6,8 kg, elle se fixe sur des pieds lumi\u00e8re d\u2019un diam\u00e8tre de 28 mm.<br \/>Cette girafe avec une colonne \u00e0 3 sections s\u2019\u00e9tend \u00e0 une hauteur maximale de 210 cm pour vous permettre d\u2019apporter la lumi\u00e8re partout o\u00f9 vous en avez besoin.<br \/>Elle est fournie avec des accessoires qui facilitent son utilisation : une pince pivotante, un contrepoids, des serre-c\u00e2bles et une cl\u00e9 de verrouillage.<\/p>\n","protected":false},"excerpt":{"rendered":"<p>Polyvalente et durable, cette girafe est id\u00e9ale pour tous vos besoins support en lumi\u00e8re. Sa hauteur maximale est de 210 cm. La perche seule supporte un poids de 6,8 kg, elle se fixe sur des pieds lumi\u00e8re d\u2019un diam\u00e8tre de 28 mm.Cette girafe avec une colonne \u00e0 3 sections s\u2019\u00e9tend \u00e0 une hauteur maximale de [&hellip;]<\/p>\n","protected":false},"featured_media":2502,"template":"","meta":{"inline_featured_image":false},"product_brand":[],"product_cat":[2031],"product_tag":[],"class_list":{"0":"post-564","1":"product","2":"type-product","3":"status-publish","4":"has-post-thumbnail","6":"product_cat-deport","8":"first","9":"instock","10":"taxable","11":"shipping-taxable","12":"purchasable","13":"product-type-rentable"},"acf":[],"_links":{"self":[{"href":"https:\/\/indie.rent\/catalogue\/wp-json\/wp\/v2\/product\/564","targetHints":{"allow":["GET"]}}],"collection":[{"href":"https:\/\/indie.rent\/catalogue\/wp-json\/wp\/v2\/product"}],"about":[{"href":"https:\/\/indie.rent\/catalogue\/wp-json\/wp\/v2\/types\/product"}],"version-history":[{"count":0,"href":"https:\/\/indie.rent\/catalogue\/wp-json\/wp\/v2\/product\/564\/revisions"}],"wp:featuredmedia":[{"embeddable":true,"href":"https:\/\/indie.rent\/catalogue\/wp-json\/wp\/v2\/media\/2502"}],"wp:attachment":[{"href":"https:\/\/indie.rent\/catalogue\/wp-json\/wp\/v2\/media?parent=564"}],"wp:term":[{"taxonomy":"product_brand","embeddable":true,"href":"https:\/\/indie.rent\/catalogue\/wp-json\/wp\/v2\/product_brand?post=564"},{"taxonomy":"product_cat","embeddable":true,"href":"https:\/\/indie.rent\/catalogue\/wp-json\/wp\/v2\/product_cat?post=564"},{"taxonomy":"product_tag","embeddable":true,"href":"https:\/\/indie.rent\/catalogue\/wp-json\/wp\/v2\/product_tag?post=564"}],"curies":[{"name":"wp","href":"https:\/\/api.w.org\/{rel}","templated":true}]}}