{"id":559,"date":"2025-01-09T10:05:53","date_gmt":"2025-01-09T09:05:53","guid":{"rendered":"https:\/\/indie.rent\/catalogue\/produit\/dmx-splitter-4-mk3-19\/"},"modified":"2026-04-05T00:15:51","modified_gmt":"2026-04-04T22:15:51","slug":"dmx-splitter-4-mk3-19","status":"publish","type":"product","link":"https:\/\/indie.rent\/catalogue\/produit\/dmx-splitter-4-mk3-19\/","title":{"rendered":"DMX Splitter 4 MK3 19&#8243;"},"content":{"rendered":"<p>Format rack 19&#8243;<br \/>1 entr\u00e9e DMX: XLR 3 &#038; 5 broches<br \/>1 sortie parall\u00e8le DMX: XLR 3 &#038; 5 broches<br \/>4 sorties DMX: XLR 3 &#038; 5 broches<br \/>Entr\u00e9es et sorties isol\u00e9es galvaniquement<br \/>Consommation \u00e9lectrique: max. 6 W@Indication d&#8217;\u00e9tat DMX par sortie<br \/>Format: 19&#8243; &#8211; 1U<\/p>\n","protected":false},"excerpt":{"rendered":"<p>Format rack 19&#8243;1 entr\u00e9e DMX: XLR 3 &#038; 5 broches1 sortie parall\u00e8le DMX: XLR 3 &#038; 5 broches4 sorties DMX: XLR 3 &#038; 5 brochesEntr\u00e9es et sorties isol\u00e9es galvaniquementConsommation \u00e9lectrique: max. 6 W@Indication d&#8217;\u00e9tat DMX par sortieFormat: 19&#8243; &#8211; 1U<\/p>\n","protected":false},"featured_media":2336,"template":"","meta":{"inline_featured_image":false},"product_brand":[],"product_cat":[2088],"product_tag":[],"class_list":{"0":"post-559","1":"product","2":"type-product","3":"status-publish","4":"has-post-thumbnail","6":"product_cat-commande-a-distance","8":"first","9":"instock","10":"taxable","11":"shipping-taxable","12":"purchasable","13":"product-type-rentable"},"acf":[],"_links":{"self":[{"href":"https:\/\/indie.rent\/catalogue\/wp-json\/wp\/v2\/product\/559","targetHints":{"allow":["GET"]}}],"collection":[{"href":"https:\/\/indie.rent\/catalogue\/wp-json\/wp\/v2\/product"}],"about":[{"href":"https:\/\/indie.rent\/catalogue\/wp-json\/wp\/v2\/types\/product"}],"version-history":[{"count":1,"href":"https:\/\/indie.rent\/catalogue\/wp-json\/wp\/v2\/product\/559\/revisions"}],"predecessor-version":[{"id":1206,"href":"https:\/\/indie.rent\/catalogue\/wp-json\/wp\/v2\/product\/559\/revisions\/1206"}],"wp:featuredmedia":[{"embeddable":true,"href":"https:\/\/indie.rent\/catalogue\/wp-json\/wp\/v2\/media\/2336"}],"wp:attachment":[{"href":"https:\/\/indie.rent\/catalogue\/wp-json\/wp\/v2\/media?parent=559"}],"wp:term":[{"taxonomy":"product_brand","embeddable":true,"href":"https:\/\/indie.rent\/catalogue\/wp-json\/wp\/v2\/product_brand?post=559"},{"taxonomy":"product_cat","embeddable":true,"href":"https:\/\/indie.rent\/catalogue\/wp-json\/wp\/v2\/product_cat?post=559"},{"taxonomy":"product_tag","embeddable":true,"href":"https:\/\/indie.rent\/catalogue\/wp-json\/wp\/v2\/product_tag?post=559"}],"curies":[{"name":"wp","href":"https:\/\/api.w.org\/{rel}","templated":true}]}}