{"id":5588,"date":"2025-11-20T23:07:42","date_gmt":"2025-11-20T22:07:42","guid":{"rendered":"https:\/\/indie.rent\/catalogue\/produit\/pied-roller-avenger-base-pliable-a5033-h-max-3-3-m-charge-max-12-kg\/"},"modified":"2026-04-15T17:59:35","modified_gmt":"2026-04-15T15:59:35","slug":"pied-roller-avenger-base-pliable-a5033-h-max-3-3-m-charge-max-12-kg","status":"publish","type":"product","link":"https:\/\/indie.rent\/catalogue\/produit\/pied-roller-avenger-base-pliable-a5033-h-max-3-3-m-charge-max-12-kg\/","title":{"rendered":"Pied Roller Avenger &#8211; Base Pliable &#8211; A5033 ( H. Max:  3.3 m &#8211; Charge Max: 12 Kg )"},"content":{"rendered":"<p>Le pied Baby A5033 sur roues avec base pliable de Avenger est \u00e9quip\u00e9 de 4\u00a0sections dont 3\u00a0extensibles.<\/p>\n<p>La colonne basse et les sections extensibles sont fabriqu\u00e9es en aluminium. Ce pied propose une hauteur maximale de 330\u00a0cm et il supporte jusqu\u2019\u00e0 12\u00a0kg de charge.<\/p>\n<p>Ce pied lumi\u00e8re sur roues est id\u00e9al pour installer un \u00e9clairage, une rotule lighting ou autres accessoires de lighting, aussi bien en studio qu\u2019en ext\u00e9rieur.<\/p>\n<p>La base basse permet de placer ce pied lumi\u00e8re sous des objets qui ne sont pas tr\u00e8s hauts, il tient par exemple sous un pied C-Stand. La base avec roues est repliable pour offrir une hauteur compacte de rangement de 105\u00a0cm quand le pied quand la base et le pied sont repli\u00e9s.<\/p>\n<p>Au sommet du pied, le spigot Baby \u215d\u2033 (16\u00a0mm) permet de fixer facilement tout \u00e9clairage, rotule lighting ou autre \u00e9quipement \u00e9quip\u00e9 d\u2019un connecteur Baby.<\/p>\n","protected":false},"excerpt":{"rendered":"<p>Le pied Baby A5033 sur roues avec base pliable de Avenger est \u00e9quip\u00e9 de 4\u00a0sections dont 3\u00a0extensibles. La colonne basse et les sections extensibles sont fabriqu\u00e9es en aluminium. Ce pied propose une hauteur maximale de 330\u00a0cm et il supporte jusqu\u2019\u00e0 12\u00a0kg de charge. Ce pied lumi\u00e8re sur roues est id\u00e9al pour installer un \u00e9clairage, une [&hellip;]<\/p>\n","protected":false},"featured_media":5593,"template":"","meta":{"inline_featured_image":false},"product_brand":[],"product_cat":[1964],"product_tag":[],"class_list":{"0":"post-5588","1":"product","2":"type-product","3":"status-publish","4":"has-post-thumbnail","6":"product_cat-moniteur-combo","8":"first","9":"instock","10":"taxable","11":"shipping-taxable","12":"purchasable","13":"product-type-rentable"},"acf":[],"_links":{"self":[{"href":"https:\/\/indie.rent\/catalogue\/wp-json\/wp\/v2\/product\/5588","targetHints":{"allow":["GET"]}}],"collection":[{"href":"https:\/\/indie.rent\/catalogue\/wp-json\/wp\/v2\/product"}],"about":[{"href":"https:\/\/indie.rent\/catalogue\/wp-json\/wp\/v2\/types\/product"}],"version-history":[{"count":0,"href":"https:\/\/indie.rent\/catalogue\/wp-json\/wp\/v2\/product\/5588\/revisions"}],"wp:featuredmedia":[{"embeddable":true,"href":"https:\/\/indie.rent\/catalogue\/wp-json\/wp\/v2\/media\/5593"}],"wp:attachment":[{"href":"https:\/\/indie.rent\/catalogue\/wp-json\/wp\/v2\/media?parent=5588"}],"wp:term":[{"taxonomy":"product_brand","embeddable":true,"href":"https:\/\/indie.rent\/catalogue\/wp-json\/wp\/v2\/product_brand?post=5588"},{"taxonomy":"product_cat","embeddable":true,"href":"https:\/\/indie.rent\/catalogue\/wp-json\/wp\/v2\/product_cat?post=5588"},{"taxonomy":"product_tag","embeddable":true,"href":"https:\/\/indie.rent\/catalogue\/wp-json\/wp\/v2\/product_tag?post=5588"}],"curies":[{"name":"wp","href":"https:\/\/api.w.org\/{rel}","templated":true}]}}