{"id":558,"date":"2025-01-09T10:05:52","date_gmt":"2025-01-09T09:05:52","guid":{"rendered":"https:\/\/indie.rent\/catalogue\/produit\/pavo-tube-ii-6c\/"},"modified":"2026-04-04T00:15:25","modified_gmt":"2026-04-03T22:15:25","slug":"projecteur-led-couleur-nanlite-pavo-tube-ii-6c","status":"publish","type":"product","link":"https:\/\/indie.rent\/catalogue\/produit\/projecteur-led-couleur-nanlite-pavo-tube-ii-6c\/","title":{"rendered":"Projecteur LED Couleur NANLITE Pavo Tube II 6C"},"content":{"rendered":"<p>Caract\u00e9ristiques principales :<\/p>\n<p>Longueur : 25 cm<br \/>Diam\u00e8tre : 3,8 cm<br \/>Poids : 272 g<br \/>Batterie int\u00e9gr\u00e9e : Li-Ion 3,7 V \/ 2200 mAh (~8,14 Wh)<br \/>Autonomie : ~60-65 minutes \u00e0 pleine puissance (~100 %)<br \/>Temps de charge : 2 h 30 via USB-C<br \/>Peut \u00eatre recharg\u00e9 via c\u00e2ble USB-C (simple USB-C vers USB-A inclus ou via powerbank).<\/p>\n<p>Temp\u00e9rature de couleur : 2700 K \u00e0 7500 K avec r\u00e9glage vert\/magenta<br \/>Mode RGB : plein contr\u00f4le de teinte\/saturation pour &gt;360 couleurs<br \/>Puissance lumineuse : ~520 lumens (\u00e0 5600 K)<br \/>CRI : ~95 et TLCI : ~97 (bon rendu des couleurs)<br \/>Dimming : r\u00e9glage continu 0 \u2013 100 %<\/p>\n<p>Contr\u00f4le sans fil : r\u00e9cepteur 2,4 GHz int\u00e9gr\u00e9 (compatible t\u00e9l\u00e9commandes\/app)<br \/>Compatible avec l\u2019app Nanlink pour r\u00e9glages \u00e0 distance.<\/p>\n","protected":false},"excerpt":{"rendered":"<p>Caract\u00e9ristiques principales : Longueur : 25 cmDiam\u00e8tre : 3,8 cmPoids : 272 gBatterie int\u00e9gr\u00e9e : Li-Ion 3,7 V \/ 2200 mAh (~8,14 Wh)Autonomie : ~60-65 minutes \u00e0 pleine puissance (~100 %)Temps de charge : 2 h 30 via USB-CPeut \u00eatre recharg\u00e9 via c\u00e2ble USB-C (simple USB-C vers USB-A inclus ou via powerbank). Temp\u00e9rature de couleur [&hellip;]<\/p>\n","protected":false},"featured_media":2332,"template":"","meta":{"inline_featured_image":false},"product_brand":[],"product_cat":[2008],"product_tag":[],"class_list":{"0":"post-558","1":"product","2":"type-product","3":"status-publish","4":"has-post-thumbnail","6":"product_cat-led-couleur-tube","8":"first","9":"instock","10":"taxable","11":"shipping-taxable","12":"purchasable","13":"product-type-rentable"},"acf":[],"_links":{"self":[{"href":"https:\/\/indie.rent\/catalogue\/wp-json\/wp\/v2\/product\/558","targetHints":{"allow":["GET"]}}],"collection":[{"href":"https:\/\/indie.rent\/catalogue\/wp-json\/wp\/v2\/product"}],"about":[{"href":"https:\/\/indie.rent\/catalogue\/wp-json\/wp\/v2\/types\/product"}],"version-history":[{"count":2,"href":"https:\/\/indie.rent\/catalogue\/wp-json\/wp\/v2\/product\/558\/revisions"}],"predecessor-version":[{"id":6188,"href":"https:\/\/indie.rent\/catalogue\/wp-json\/wp\/v2\/product\/558\/revisions\/6188"}],"wp:featuredmedia":[{"embeddable":true,"href":"https:\/\/indie.rent\/catalogue\/wp-json\/wp\/v2\/media\/2332"}],"wp:attachment":[{"href":"https:\/\/indie.rent\/catalogue\/wp-json\/wp\/v2\/media?parent=558"}],"wp:term":[{"taxonomy":"product_brand","embeddable":true,"href":"https:\/\/indie.rent\/catalogue\/wp-json\/wp\/v2\/product_brand?post=558"},{"taxonomy":"product_cat","embeddable":true,"href":"https:\/\/indie.rent\/catalogue\/wp-json\/wp\/v2\/product_cat?post=558"},{"taxonomy":"product_tag","embeddable":true,"href":"https:\/\/indie.rent\/catalogue\/wp-json\/wp\/v2\/product_tag?post=558"}],"curies":[{"name":"wp","href":"https:\/\/api.w.org\/{rel}","templated":true}]}}