{"id":5573,"date":"2025-11-19T16:07:10","date_gmt":"2025-11-19T15:07:10","guid":{"rendered":"https:\/\/indie.rent\/catalogue\/produit\/rickshaw-raptor-3\/"},"modified":"2026-04-13T18:49:20","modified_gmt":"2026-04-13T16:49:20","slug":"rickshaw-raptor-3","status":"publish","type":"product","link":"https:\/\/indie.rent\/catalogue\/produit\/rickshaw-raptor-3\/","title":{"rendered":"Rickshaw Raptor 3"},"content":{"rendered":"<p>Donn\u00e9es technique Raptor Rickshaw 3<\/p>\n<p>Longueur avec poign\u00e9e inclin\u00e9e \u00e0 45 degr\u00e9s : 160 cm<br \/>Largeur avec roues principales (roues \u00e0 rayons) : 75 cm<br \/>Largeur avec grosses roues : 100 cm<br \/>Hauteur avec poign\u00e9e inclin\u00e9e \u00e0 45 degr\u00e9s : 90 cm<br \/>Garde au sol : 9 ou 14 cm<br \/>Hauteur du si\u00e8ge (Min &#8211; Max) : 39 &#8211; 64 cm<br \/>Cheeseplate : 74\u00d756 cm<br \/>Roulette : 10 pouces\/ 25,4 cm<br \/>Diam\u00e8tre de la roue principale (roue \u00e0 rayons) : 54 cm<br \/>Fat Wheel (accessoires en option) diam\u00e8tre : 45 cm<br \/>Charge utile maximale : 150 kg<\/p>\n","protected":false},"excerpt":{"rendered":"<p>Donn\u00e9es technique Raptor Rickshaw 3 Longueur avec poign\u00e9e inclin\u00e9e \u00e0 45 degr\u00e9s : 160 cmLargeur avec roues principales (roues \u00e0 rayons) : 75 cmLargeur avec grosses roues : 100 cmHauteur avec poign\u00e9e inclin\u00e9e \u00e0 45 degr\u00e9s : 90 cmGarde au sol : 9 ou 14 cmHauteur du si\u00e8ge (Min &#8211; Max) : 39 &#8211; 64 [&hellip;]<\/p>\n","protected":false},"featured_media":5574,"template":"","meta":{"inline_featured_image":false},"product_brand":[],"product_cat":[2055],"product_tag":[],"class_list":{"0":"post-5573","1":"product","2":"type-product","3":"status-publish","4":"has-post-thumbnail","6":"product_cat-rickshaws","8":"first","9":"instock","10":"featured","11":"taxable","12":"shipping-taxable","13":"purchasable","14":"product-type-rentable"},"acf":[],"_links":{"self":[{"href":"https:\/\/indie.rent\/catalogue\/wp-json\/wp\/v2\/product\/5573","targetHints":{"allow":["GET"]}}],"collection":[{"href":"https:\/\/indie.rent\/catalogue\/wp-json\/wp\/v2\/product"}],"about":[{"href":"https:\/\/indie.rent\/catalogue\/wp-json\/wp\/v2\/types\/product"}],"version-history":[{"count":0,"href":"https:\/\/indie.rent\/catalogue\/wp-json\/wp\/v2\/product\/5573\/revisions"}],"wp:featuredmedia":[{"embeddable":true,"href":"https:\/\/indie.rent\/catalogue\/wp-json\/wp\/v2\/media\/5574"}],"wp:attachment":[{"href":"https:\/\/indie.rent\/catalogue\/wp-json\/wp\/v2\/media?parent=5573"}],"wp:term":[{"taxonomy":"product_brand","embeddable":true,"href":"https:\/\/indie.rent\/catalogue\/wp-json\/wp\/v2\/product_brand?post=5573"},{"taxonomy":"product_cat","embeddable":true,"href":"https:\/\/indie.rent\/catalogue\/wp-json\/wp\/v2\/product_cat?post=5573"},{"taxonomy":"product_tag","embeddable":true,"href":"https:\/\/indie.rent\/catalogue\/wp-json\/wp\/v2\/product_tag?post=5573"}],"curies":[{"name":"wp","href":"https:\/\/api.w.org\/{rel}","templated":true}]}}