{"id":5547,"date":"2025-11-18T23:07:16","date_gmt":"2025-11-18T22:07:16","guid":{"rendered":"https:\/\/indie.rent\/catalogue\/produit\/grue-perche-joby-pour-camera-gopro\/"},"modified":"2026-04-16T18:29:40","modified_gmt":"2026-04-16T16:29:40","slug":"grue-perche-joby-pour-camera-gopro","status":"publish","type":"product","link":"https:\/\/indie.rent\/catalogue\/produit\/grue-perche-joby-pour-camera-gopro\/","title":{"rendered":"Grue-Perche Joby pour Cam\u00e9ra GoPro"},"content":{"rendered":"<p>Joby Action Jib Kit<\/p>\n<p>\u00a0kit r\u00e9glable et portatif permettant d&#8217;effectuer des prises de vue sur grue avec perches modulables.<\/p>\n<p>Poulies de serrage amovibles et ajustables :\u00a0deux fixations qui s&#8217;ajustent sur toute perche cylindrique. L&#8217;une se fixe \u00e0 la base de la perche (poign\u00e9e) et l&#8217;autre se fixe \u00e0 l&#8217;extr\u00e9mit\u00e9, (o\u00f9 la cam\u00e9ra sera mont\u00e9e).<\/p>\n<p>Cordage ajustable \u00e0 toute longueur de perche :\u00a0kit fourni avec un cordon pouvant s&#8217;ajuster aux diff\u00e9rentes longueurs de perches.<\/p>\n<p>Poign\u00e9e avec pas de vis \u00bc&#8221; -20 :\u00a0La poign\u00e9e permet de faire pivoter la cam\u00e9ra gr\u00e2ce au syst\u00e8me de poulies int\u00e9gr\u00e9. La poign\u00e9e comporte un pas de vis \u00bc&#8221; &#8211; 20, ce qui vous permet \u00e9galement de fixer un bras et un GripTight pour la visualisation de vos plans vid\u00e9os \u00e0 distance.<\/p>\n","protected":false},"excerpt":{"rendered":"<p>Joby Action Jib Kit \u00a0kit r\u00e9glable et portatif permettant d&#8217;effectuer des prises de vue sur grue avec perches modulables. Poulies de serrage amovibles et ajustables :\u00a0deux fixations qui s&#8217;ajustent sur toute perche cylindrique. L&#8217;une se fixe \u00e0 la base de la perche (poign\u00e9e) et l&#8217;autre se fixe \u00e0 l&#8217;extr\u00e9mit\u00e9, (o\u00f9 la cam\u00e9ra sera mont\u00e9e). Cordage [&hellip;]<\/p>\n","protected":false},"featured_media":5564,"template":"","meta":{"inline_featured_image":false},"product_brand":[],"product_cat":[1917],"product_tag":[2249],"class_list":{"0":"post-5547","1":"product","2":"type-product","3":"status-publish","4":"has-post-thumbnail","6":"product_cat-camera-action","7":"product_tag-pas-de-facture","9":"first","10":"instock","11":"taxable","12":"shipping-taxable","13":"purchasable","14":"product-type-rentable"},"acf":[],"_links":{"self":[{"href":"https:\/\/indie.rent\/catalogue\/wp-json\/wp\/v2\/product\/5547","targetHints":{"allow":["GET"]}}],"collection":[{"href":"https:\/\/indie.rent\/catalogue\/wp-json\/wp\/v2\/product"}],"about":[{"href":"https:\/\/indie.rent\/catalogue\/wp-json\/wp\/v2\/types\/product"}],"version-history":[{"count":0,"href":"https:\/\/indie.rent\/catalogue\/wp-json\/wp\/v2\/product\/5547\/revisions"}],"wp:featuredmedia":[{"embeddable":true,"href":"https:\/\/indie.rent\/catalogue\/wp-json\/wp\/v2\/media\/5564"}],"wp:attachment":[{"href":"https:\/\/indie.rent\/catalogue\/wp-json\/wp\/v2\/media?parent=5547"}],"wp:term":[{"taxonomy":"product_brand","embeddable":true,"href":"https:\/\/indie.rent\/catalogue\/wp-json\/wp\/v2\/product_brand?post=5547"},{"taxonomy":"product_cat","embeddable":true,"href":"https:\/\/indie.rent\/catalogue\/wp-json\/wp\/v2\/product_cat?post=5547"},{"taxonomy":"product_tag","embeddable":true,"href":"https:\/\/indie.rent\/catalogue\/wp-json\/wp\/v2\/product_tag?post=5547"}],"curies":[{"name":"wp","href":"https:\/\/api.w.org\/{rel}","templated":true}]}}