{"id":541,"date":"2025-01-09T10:05:46","date_gmt":"2025-01-09T09:05:46","guid":{"rendered":"https:\/\/indie.rent\/catalogue\/produit\/travelling-lineaire-180m\/"},"modified":"2026-04-05T00:13:41","modified_gmt":"2026-04-04T22:13:41","slug":"rail-droit-180cm-indie","status":"publish","type":"product","link":"https:\/\/indie.rent\/catalogue\/produit\/rail-droit-180cm-indie\/","title":{"rendered":"Rail Droit 180cm &#8211; INDIE"},"content":{"rendered":"<p>Prix par rail<\/p>\n<p>Rail standard : 1,80 m\u00e8tre<br \/>Petites sections disponibles : 0,45 m\u00e8tre et 0,80 m\u00e8tre<br \/>Distance maximum : 18 m\u00e8tres<br \/>Ecartement entre les rails : 59cm<\/p>\n","protected":false},"excerpt":{"rendered":"<p>Prix par rail Rail standard : 1,80 m\u00e8trePetites sections disponibles : 0,45 m\u00e8tre et 0,80 m\u00e8treDistance maximum : 18 m\u00e8tresEcartement entre les rails : 59cm<\/p>\n","protected":false},"featured_media":3508,"template":"","meta":{"inline_featured_image":false},"product_brand":[],"product_cat":[2058],"product_tag":[],"class_list":{"0":"post-541","1":"product","2":"type-product","3":"status-publish","4":"has-post-thumbnail","6":"product_cat-rails","8":"first","9":"instock","10":"taxable","11":"shipping-taxable","12":"purchasable","13":"product-type-rentable"},"acf":[],"_links":{"self":[{"href":"https:\/\/indie.rent\/catalogue\/wp-json\/wp\/v2\/product\/541","targetHints":{"allow":["GET"]}}],"collection":[{"href":"https:\/\/indie.rent\/catalogue\/wp-json\/wp\/v2\/product"}],"about":[{"href":"https:\/\/indie.rent\/catalogue\/wp-json\/wp\/v2\/types\/product"}],"version-history":[{"count":1,"href":"https:\/\/indie.rent\/catalogue\/wp-json\/wp\/v2\/product\/541\/revisions"}],"predecessor-version":[{"id":5081,"href":"https:\/\/indie.rent\/catalogue\/wp-json\/wp\/v2\/product\/541\/revisions\/5081"}],"wp:featuredmedia":[{"embeddable":true,"href":"https:\/\/indie.rent\/catalogue\/wp-json\/wp\/v2\/media\/3508"}],"wp:attachment":[{"href":"https:\/\/indie.rent\/catalogue\/wp-json\/wp\/v2\/media?parent=541"}],"wp:term":[{"taxonomy":"product_brand","embeddable":true,"href":"https:\/\/indie.rent\/catalogue\/wp-json\/wp\/v2\/product_brand?post=541"},{"taxonomy":"product_cat","embeddable":true,"href":"https:\/\/indie.rent\/catalogue\/wp-json\/wp\/v2\/product_cat?post=541"},{"taxonomy":"product_tag","embeddable":true,"href":"https:\/\/indie.rent\/catalogue\/wp-json\/wp\/v2\/product_tag?post=541"}],"curies":[{"name":"wp","href":"https:\/\/api.w.org\/{rel}","templated":true}]}}