{"id":540,"date":"2025-01-09T10:05:45","date_gmt":"2025-01-09T09:05:45","guid":{"rendered":"https:\/\/indie.rent\/catalogue\/produit\/rail-circulaire-indie\/"},"modified":"2026-04-05T00:13:40","modified_gmt":"2026-04-04T22:13:40","slug":"rail-circulaire-indie","status":"publish","type":"product","link":"https:\/\/indie.rent\/catalogue\/produit\/rail-circulaire-indie\/","title":{"rendered":"Rail Circulaire Indie"},"content":{"rendered":"<p>Travelling circulaire<\/p>\n<p>Ces rails de travelling circulaires permettent d&#8217;effectuer un mouvement de travelling sur une distance d&#8217;environ 5 m\u00e8tres. Ils s&#8217;adaptent aussi bien en studio qu&#8217;en ext\u00e9rieur et sont compatibles avec diff\u00e9rentes types de chariots (espacement entre les rails : 59cm). Le diam\u00e8tre int\u00e9rieur est de 4,50m et le diam\u00e8tre ext\u00e9rieur de 5,90m. <\/p>\n<p>         Voir cette publication sur Instagram            Une publication partag\u00e9e par Indie Loc (@indie_la_location) le 4 Ao\u00fbt 2016 \u00e0 3 :54 PDT<\/p>\n","protected":false},"excerpt":{"rendered":"<p>Travelling circulaire Ces rails de travelling circulaires permettent d&#8217;effectuer un mouvement de travelling sur une distance d&#8217;environ 5 m\u00e8tres. Ils s&#8217;adaptent aussi bien en studio qu&#8217;en ext\u00e9rieur et sont compatibles avec diff\u00e9rentes types de chariots (espacement entre les rails : 59cm). Le diam\u00e8tre int\u00e9rieur est de 4,50m et le diam\u00e8tre ext\u00e9rieur de 5,90m. Voir cette [&hellip;]<\/p>\n","protected":false},"featured_media":1880,"template":"","meta":{"inline_featured_image":false},"product_brand":[],"product_cat":[2058],"product_tag":[],"class_list":{"0":"post-540","1":"product","2":"type-product","3":"status-publish","4":"has-post-thumbnail","6":"product_cat-rails","8":"first","9":"instock","10":"taxable","11":"shipping-taxable","12":"purchasable","13":"product-type-rentable"},"acf":[],"_links":{"self":[{"href":"https:\/\/indie.rent\/catalogue\/wp-json\/wp\/v2\/product\/540","targetHints":{"allow":["GET"]}}],"collection":[{"href":"https:\/\/indie.rent\/catalogue\/wp-json\/wp\/v2\/product"}],"about":[{"href":"https:\/\/indie.rent\/catalogue\/wp-json\/wp\/v2\/types\/product"}],"version-history":[{"count":0,"href":"https:\/\/indie.rent\/catalogue\/wp-json\/wp\/v2\/product\/540\/revisions"}],"wp:featuredmedia":[{"embeddable":true,"href":"https:\/\/indie.rent\/catalogue\/wp-json\/wp\/v2\/media\/1880"}],"wp:attachment":[{"href":"https:\/\/indie.rent\/catalogue\/wp-json\/wp\/v2\/media?parent=540"}],"wp:term":[{"taxonomy":"product_brand","embeddable":true,"href":"https:\/\/indie.rent\/catalogue\/wp-json\/wp\/v2\/product_brand?post=540"},{"taxonomy":"product_cat","embeddable":true,"href":"https:\/\/indie.rent\/catalogue\/wp-json\/wp\/v2\/product_cat?post=540"},{"taxonomy":"product_tag","embeddable":true,"href":"https:\/\/indie.rent\/catalogue\/wp-json\/wp\/v2\/product_tag?post=540"}],"curies":[{"name":"wp","href":"https:\/\/api.w.org\/{rel}","templated":true}]}}