{"id":5338,"date":"2025-11-04T16:06:30","date_gmt":"2025-11-04T15:06:30","guid":{"rendered":"https:\/\/indie.rent\/catalogue\/produit\/optique-nikkor-z-26mm-f2-8-cf-0-66-ft-0-20m-o52-mm\/"},"modified":"2026-04-16T18:29:15","modified_gmt":"2026-04-16T16:29:15","slug":"optique-nikkor-z-26mm-f2-8-cf-0-66-ft-0-20m-o52-mm","status":"publish","type":"product","link":"https:\/\/indie.rent\/catalogue\/produit\/optique-nikkor-z-26mm-f2-8-cf-0-66-ft-0-20m-o52-mm\/","title":{"rendered":"Optique Nikkor Z 26mm F2.8 &#8211; CF: 0.66 ft \/ 0.20m &#8211; \u00d852 mm"},"content":{"rendered":"<p>Le Nikkor Z 26mm f\/2.8 est un objectif grand-angle \u00e0 focale fixe con\u00e7u pour les appareils photo hybrides plein format de la monture Z. Sa formule optique comprend 8 lentilles r\u00e9parties en 6 groupes, dont 3 \u00e9l\u00e9ments asph\u00e9riques pour r\u00e9duire les aberrations.<\/p>\n<p>L\u2019ouverture maximale f\/2.8 permet une bonne ma\u00eetrise de la profondeur de champ et un usage en faible luminosit\u00e9 mod\u00e9r\u00e9e.<\/p>\n<p>La mise au point est assur\u00e9e par un moteur pas \u00e0 pas (STM) pour un fonctionnement fluide et silencieux.<\/p>\n<p>L\u2019objectif pr\u00e9sente une construction compacte et un filetage de filtre de 52 mm.<\/p>\n","protected":false},"excerpt":{"rendered":"<p>Le Nikkor Z 26mm f\/2.8 est un objectif grand-angle \u00e0 focale fixe con\u00e7u pour les appareils photo hybrides plein format de la monture Z. Sa formule optique comprend 8 lentilles r\u00e9parties en 6 groupes, dont 3 \u00e9l\u00e9ments asph\u00e9riques pour r\u00e9duire les aberrations. L\u2019ouverture maximale f\/2.8 permet une bonne ma\u00eetrise de la profondeur de champ et [&hellip;]<\/p>\n","protected":false},"featured_media":6236,"template":"","meta":{"inline_featured_image":false},"product_brand":[],"product_cat":[2254],"product_tag":[],"class_list":{"0":"post-5338","1":"product","2":"type-product","3":"status-publish","4":"has-post-thumbnail","6":"product_cat-optiques-z","8":"first","9":"instock","10":"taxable","11":"shipping-taxable","12":"purchasable","13":"product-type-rentable"},"acf":[],"_links":{"self":[{"href":"https:\/\/indie.rent\/catalogue\/wp-json\/wp\/v2\/product\/5338","targetHints":{"allow":["GET"]}}],"collection":[{"href":"https:\/\/indie.rent\/catalogue\/wp-json\/wp\/v2\/product"}],"about":[{"href":"https:\/\/indie.rent\/catalogue\/wp-json\/wp\/v2\/types\/product"}],"version-history":[{"count":0,"href":"https:\/\/indie.rent\/catalogue\/wp-json\/wp\/v2\/product\/5338\/revisions"}],"wp:featuredmedia":[{"embeddable":true,"href":"https:\/\/indie.rent\/catalogue\/wp-json\/wp\/v2\/media\/6236"}],"wp:attachment":[{"href":"https:\/\/indie.rent\/catalogue\/wp-json\/wp\/v2\/media?parent=5338"}],"wp:term":[{"taxonomy":"product_brand","embeddable":true,"href":"https:\/\/indie.rent\/catalogue\/wp-json\/wp\/v2\/product_brand?post=5338"},{"taxonomy":"product_cat","embeddable":true,"href":"https:\/\/indie.rent\/catalogue\/wp-json\/wp\/v2\/product_cat?post=5338"},{"taxonomy":"product_tag","embeddable":true,"href":"https:\/\/indie.rent\/catalogue\/wp-json\/wp\/v2\/product_tag?post=5338"}],"curies":[{"name":"wp","href":"https:\/\/api.w.org\/{rel}","templated":true}]}}