{"id":5328,"date":"2025-11-04T14:49:16","date_gmt":"2025-11-04T13:49:16","guid":{"rendered":"https:\/\/indie.rent\/catalogue\/produit\/optique-zoom-nikon-g-70-200mm-f2-8-o77mm\/"},"modified":"2026-04-16T18:29:14","modified_gmt":"2026-04-16T16:29:14","slug":"zoom-nikon-g-70-200mm-f2-8-o77mm","status":"publish","type":"product","link":"https:\/\/indie.rent\/catalogue\/produit\/zoom-nikon-g-70-200mm-f2-8-o77mm\/","title":{"rendered":"Zoom Nikon G : 70-200mm F2.8 &#8211; \u00d877mm"},"content":{"rendered":"<p>Optique Zoom Nikon G : 70-200mm F2.8 <\/p>\n<p>Zoom t\u00e9l\u00e9objectif professionnel \u00e0 ouverture rapide, dot\u00e9 d&#8217;un syst\u00e8me de r\u00e9duction de vibration et d&#8217;un traitement nanocristal. Offre une nettet\u00e9 d&#8217;image in\u00e9gal\u00e9e, doubl\u00e9e d&#8217;un autofocus rapide et silencieux qui permet d&#8217;obtenir des images nettes dans toutes conditions de luminosit\u00e9. Bo\u00eetier en magn\u00e9sium \u00e0 l&#8217;\u00e9preuve des conditions m\u00e9t\u00e9orologiques, pour les professionnels les plus exigeants.<\/p>\n<p>Caract\u00e9ristiques principales :<br \/>&#8211; Nettet\u00e9, stabilit\u00e9 et rapidit\u00e9 gr\u00e2ce \u00e0 la r\u00e9duction de vibration (VR) am\u00e9lior\u00e9e,<br \/>&#8211; Pr\u00e9cision assur\u00e9e gr\u00e2ce aux performances du suivi du sujet et du contr\u00f4le de l&#8217;exposition,<br \/>&#8211; Pr\u00e9cision optique jusqu&#8217;au bord du cadre,<br \/>&#8211; Equilibre parfait offrant une plus grande facilit\u00e9 d&#8217;utilisation,<br \/>&#8211; Id\u00e9al sur le terrain gr\u00e2ce \u00e0 sa l\u00e9g\u00e8ret\u00e9, sa solidit\u00e9 et sa fiabilit\u00e9.<\/p>\n","protected":false},"excerpt":{"rendered":"<p>Optique Zoom Nikon G : 70-200mm F2.8 Zoom t\u00e9l\u00e9objectif professionnel \u00e0 ouverture rapide, dot\u00e9 d&#8217;un syst\u00e8me de r\u00e9duction de vibration et d&#8217;un traitement nanocristal. Offre une nettet\u00e9 d&#8217;image in\u00e9gal\u00e9e, doubl\u00e9e d&#8217;un autofocus rapide et silencieux qui permet d&#8217;obtenir des images nettes dans toutes conditions de luminosit\u00e9. Bo\u00eetier en magn\u00e9sium \u00e0 l&#8217;\u00e9preuve des conditions m\u00e9t\u00e9orologiques, pour [&hellip;]<\/p>\n","protected":false},"featured_media":5331,"template":"","meta":{"inline_featured_image":false},"product_brand":[],"product_cat":[2255],"product_tag":[],"class_list":{"0":"post-5328","1":"product","2":"type-product","3":"status-publish","4":"has-post-thumbnail","6":"product_cat-optiques-g","8":"first","9":"instock","10":"taxable","11":"shipping-taxable","12":"purchasable","13":"product-type-rentable"},"acf":[],"_links":{"self":[{"href":"https:\/\/indie.rent\/catalogue\/wp-json\/wp\/v2\/product\/5328","targetHints":{"allow":["GET"]}}],"collection":[{"href":"https:\/\/indie.rent\/catalogue\/wp-json\/wp\/v2\/product"}],"about":[{"href":"https:\/\/indie.rent\/catalogue\/wp-json\/wp\/v2\/types\/product"}],"version-history":[{"count":0,"href":"https:\/\/indie.rent\/catalogue\/wp-json\/wp\/v2\/product\/5328\/revisions"}],"wp:featuredmedia":[{"embeddable":true,"href":"https:\/\/indie.rent\/catalogue\/wp-json\/wp\/v2\/media\/5331"}],"wp:attachment":[{"href":"https:\/\/indie.rent\/catalogue\/wp-json\/wp\/v2\/media?parent=5328"}],"wp:term":[{"taxonomy":"product_brand","embeddable":true,"href":"https:\/\/indie.rent\/catalogue\/wp-json\/wp\/v2\/product_brand?post=5328"},{"taxonomy":"product_cat","embeddable":true,"href":"https:\/\/indie.rent\/catalogue\/wp-json\/wp\/v2\/product_cat?post=5328"},{"taxonomy":"product_tag","embeddable":true,"href":"https:\/\/indie.rent\/catalogue\/wp-json\/wp\/v2\/product_tag?post=5328"}],"curies":[{"name":"wp","href":"https:\/\/api.w.org\/{rel}","templated":true}]}}