{"id":5285,"date":"2025-10-30T12:21:55","date_gmt":"2025-10-30T11:21:55","guid":{"rendered":"https:\/\/indie.rent\/catalogue\/produit\/camera-nikon-zr\/"},"modified":"2026-04-13T19:12:12","modified_gmt":"2026-04-13T17:12:12","slug":"camera-nikon-zr","status":"publish","type":"product","link":"https:\/\/indie.rent\/catalogue\/produit\/camera-nikon-zr\/","title":{"rendered":"Cam\u00e9ra NIKON ZR"},"content":{"rendered":"<p>Le Nikon ZR int\u00e8gre un capteur plein format de 24,5 Mpx en monture Z, compatible avec les optiques E, EF et PL via adaptateurs.<br \/>Il enregistre en interne jusqu\u2019en 6K\/59.94p en RAW avec double sensibilit\u00e9 native ISO 800\/6400 (en RAW R3D).<br \/>L\u2019\u00e9cran tactile orientable de 4 pouces (1000 Nits) couvre l\u2019espace DCI-P3 et s\u2019accompagne de logements CFexpress B + microSD.<br \/>Le capteur du Nikon ZR est stabilis\u00e9 sur 5 axes et comprend une connectique compl\u00e8te : USB-C, Micro HDMI, entr\u00e9e micro et sortie casque en Mini-Jack 3,5 mm.\u00a0<\/p>\n<p>\u00a0<\/p>\n<p>Caract\u00e9ristiques principales:<br \/>&#8211; Capteur: Plein format CMOS 24,5 MP (35,9 \u00d7 23,9 mm \u2013 \u2300 43,12 mm)<br \/>&#8211; Dynamique: Environ 15 stops (Log3G10)<br \/>&#8211; Monture de base: Nikon Z<br \/>&#8211; Autofocus: Oui \u2013 AF hybride d\u00e9tection de phase\/contraste, couverture ~90 % du champ<br \/>&#8211; Filtres ND int\u00e9gr\u00e9s: Non<br \/>&#8211; Sensibilit\u00e9: Double ISO natif 800 \/ 6400 en Raw R3D\u00a0<br \/>&#8211; M\u00e9dias: 1\u00d7 CFexpress Type B + 1\u00d7 microSD (UHS-I) pour enregistrement proxy (1920\u00a0x\u00a01080, MP4)<br \/>&#8211; R\u00e9solution d\u2019enregistrement max.: 6K 16\/9 (6048 x 3402) jusqu\u2019\u00e0 59.94p<br \/>&#8211; Vitesse maximale d\u2019enregistrement (fps): 4K RAW 119.88p \/\u00a0FHD 239.76p<br \/>&#8211; Codec d\u2019enregistrement interne: R3D NE (12\u00a0bits), N-RAW (12\u00a0bits), Apple ProRes RAW HQ (12\u00a0bits), Apple ProRes 422 HQ (10\u00a0bits), H.265\/HEVC (8\u00a0bits\/10\u00a0bits), H.264\/AVC (8\u00a0bits)<br \/>&#8211; Formats anamorphiques: Non pris en charge nativement<br \/>&#8211; Sorties vid\u00e9o: 1x Micro HDMI Type D; pas de SDI<br \/>&#8211; Timecode: Oui \u2013 via adaptateur USB-C ou interface externe<br \/>&#8211; Audio: 1\u00d7 micro int\u00e9gr\u00e9 st\u00e9r\u00e9o, 1\u00d7 entr\u00e9e micro 3,5 mm, 1\u00d7 sortie casque 3,5 mm, 1x griffe flash num\u00e9rique (enregistrement 32\u00a0bits flottant via mini-jack 3,5\u00a0mm et microphone int\u00e9gr\u00e9)<br \/>&#8211; Batterie: Nikon EN-EL15c (7,0 V \/ 16 Wh)<br \/>&#8211; Consommation: ~8Wh<br \/>&#8211; Autonomie: Environ 85 min d\u2019enregistrement 4K 60p (temp\u00e9rature ambiante 23 \u00b0C)<br \/>&#8211; Temp\u00e9rature de fonctionnement: 0 \u00b0C \u00e0 40 \u00b0C<br \/>&#8211; Temp\u00e9rature de stockage: \u201320 \u00b0C \u00e0 50 \u00b0C<br \/>&#8211; Poids: ~540 g (bo\u00eetier nu)<\/p>\n","protected":false},"excerpt":{"rendered":"<p>Le Nikon ZR int\u00e8gre un capteur plein format de 24,5 Mpx en monture Z, compatible avec les optiques E, EF et PL via adaptateurs.Il enregistre en interne jusqu\u2019en 6K\/59.94p en RAW avec double sensibilit\u00e9 native ISO 800\/6400 (en RAW R3D).L\u2019\u00e9cran tactile orientable de 4 pouces (1000 Nits) couvre l\u2019espace DCI-P3 et s\u2019accompagne de logements CFexpress [&hellip;]<\/p>\n","protected":false},"featured_media":5288,"template":"","meta":{"inline_featured_image":false},"product_brand":[],"product_cat":[2251],"product_tag":[],"class_list":{"0":"post-5285","1":"product","2":"type-product","3":"status-publish","4":"has-post-thumbnail","6":"product_cat-camera-nikon","8":"first","9":"instock","10":"taxable","11":"shipping-taxable","12":"purchasable","13":"product-type-rentable"},"acf":[],"_links":{"self":[{"href":"https:\/\/indie.rent\/catalogue\/wp-json\/wp\/v2\/product\/5285","targetHints":{"allow":["GET"]}}],"collection":[{"href":"https:\/\/indie.rent\/catalogue\/wp-json\/wp\/v2\/product"}],"about":[{"href":"https:\/\/indie.rent\/catalogue\/wp-json\/wp\/v2\/types\/product"}],"version-history":[{"count":0,"href":"https:\/\/indie.rent\/catalogue\/wp-json\/wp\/v2\/product\/5285\/revisions"}],"wp:featuredmedia":[{"embeddable":true,"href":"https:\/\/indie.rent\/catalogue\/wp-json\/wp\/v2\/media\/5288"}],"wp:attachment":[{"href":"https:\/\/indie.rent\/catalogue\/wp-json\/wp\/v2\/media?parent=5285"}],"wp:term":[{"taxonomy":"product_brand","embeddable":true,"href":"https:\/\/indie.rent\/catalogue\/wp-json\/wp\/v2\/product_brand?post=5285"},{"taxonomy":"product_cat","embeddable":true,"href":"https:\/\/indie.rent\/catalogue\/wp-json\/wp\/v2\/product_cat?post=5285"},{"taxonomy":"product_tag","embeddable":true,"href":"https:\/\/indie.rent\/catalogue\/wp-json\/wp\/v2\/product_tag?post=5285"}],"curies":[{"name":"wp","href":"https:\/\/api.w.org\/{rel}","templated":true}]}}