{"id":5221,"date":"2025-10-21T00:09:48","date_gmt":"2025-10-20T22:09:48","guid":{"rendered":"https:\/\/indie.rent\/catalogue\/produit\/kit-de-8-astera-luna-bulb-ampoules-led\/"},"modified":"2026-04-04T00:19:42","modified_gmt":"2026-04-03T22:19:42","slug":"kit-de-8-astera-luna-bulb-ampoules-led","status":"publish","type":"product","link":"https:\/\/indie.rent\/catalogue\/produit\/kit-de-8-astera-luna-bulb-ampoules-led\/","title":{"rendered":"Kit de 8 Astera LUNA Bulb &#8211; Ampoules LED"},"content":{"rendered":"<p>Ampoule LED RGBMA haut de gamme, la Astera Luna Bulb est con\u00e7ue pour les tournages cin\u00e9ma et publicit\u00e9 n\u00e9cessitant une source pratique visible avec un contr\u00f4le couleur avanc\u00e9.<\/p>\n<p>Elle permet d\u2019int\u00e9grer directement une source professionnelle dans les d\u00e9cors tout en offrant une grande autonomie et une qualit\u00e9 de lumi\u00e8re irr\u00e9prochable.<\/p>\n<p>Caract\u00e9ristiques principales :<\/p>\n<p>Source : LED RGBMA<br \/>Temp\u00e9rature de couleur : 1 750K \u2013 20 000K<br \/>CRI \/ TLCI : \u2265 96<br \/>Puissance : 4,25W (Equivalent ampoule 25W)<br \/>Alimentation : secteur via E27<br \/>Contr\u00f4le : DMX \/ CRMX \/ WIFi \/ T\u00e9l\u00e9commande (fournie) via IR \/ Bluetooth (AsteraApp)<br \/>Autonomie : jusqu\u2019\u00e0 20h (selon r\u00e9glages)<br \/>\u00c9tanch\u00e9it\u00e9 : IP44<br \/>Dimensions (avec coque standard): \u00d8 55 mm x 100 mm<br \/>Poids : 81g<\/p>\n","protected":false},"excerpt":{"rendered":"<p>Ampoule LED RGBMA haut de gamme, la Astera Luna Bulb est con\u00e7ue pour les tournages cin\u00e9ma et publicit\u00e9 n\u00e9cessitant une source pratique visible avec un contr\u00f4le couleur avanc\u00e9. Elle permet d\u2019int\u00e9grer directement une source professionnelle dans les d\u00e9cors tout en offrant une grande autonomie et une qualit\u00e9 de lumi\u00e8re irr\u00e9prochable. Caract\u00e9ristiques principales : Source : [&hellip;]<\/p>\n","protected":false},"featured_media":5222,"template":"","meta":{"inline_featured_image":false},"product_brand":[],"product_cat":[2009],"product_tag":[],"class_list":{"0":"post-5221","1":"product","2":"type-product","3":"status-publish","4":"has-post-thumbnail","6":"product_cat-led-couleur-ambiance","8":"first","9":"instock","10":"taxable","11":"shipping-taxable","12":"purchasable","13":"product-type-rentable"},"acf":[],"_links":{"self":[{"href":"https:\/\/indie.rent\/catalogue\/wp-json\/wp\/v2\/product\/5221","targetHints":{"allow":["GET"]}}],"collection":[{"href":"https:\/\/indie.rent\/catalogue\/wp-json\/wp\/v2\/product"}],"about":[{"href":"https:\/\/indie.rent\/catalogue\/wp-json\/wp\/v2\/types\/product"}],"version-history":[{"count":3,"href":"https:\/\/indie.rent\/catalogue\/wp-json\/wp\/v2\/product\/5221\/revisions"}],"predecessor-version":[{"id":6538,"href":"https:\/\/indie.rent\/catalogue\/wp-json\/wp\/v2\/product\/5221\/revisions\/6538"}],"wp:featuredmedia":[{"embeddable":true,"href":"https:\/\/indie.rent\/catalogue\/wp-json\/wp\/v2\/media\/5222"}],"wp:attachment":[{"href":"https:\/\/indie.rent\/catalogue\/wp-json\/wp\/v2\/media?parent=5221"}],"wp:term":[{"taxonomy":"product_brand","embeddable":true,"href":"https:\/\/indie.rent\/catalogue\/wp-json\/wp\/v2\/product_brand?post=5221"},{"taxonomy":"product_cat","embeddable":true,"href":"https:\/\/indie.rent\/catalogue\/wp-json\/wp\/v2\/product_cat?post=5221"},{"taxonomy":"product_tag","embeddable":true,"href":"https:\/\/indie.rent\/catalogue\/wp-json\/wp\/v2\/product_tag?post=5221"}],"curies":[{"name":"wp","href":"https:\/\/api.w.org\/{rel}","templated":true}]}}