{"id":5207,"date":"2025-10-17T00:10:12","date_gmt":"2025-10-16T22:10:12","guid":{"rendered":"https:\/\/indie.rent\/catalogue\/produit\/harnais-easyrig-minimax-charge-de-2kg-a-7-kg\/"},"modified":"2026-04-30T16:58:51","modified_gmt":"2026-04-30T14:58:51","slug":"harnais-easyrig-minimax-charge-de-2kg-a-7-kg","status":"publish","type":"product","link":"https:\/\/indie.rent\/catalogue\/produit\/harnais-easyrig-minimax-charge-de-2kg-a-7-kg\/","title":{"rendered":"Harnais Easyrig Minimax (Charge: de 2Kg \u00e0 7 Kg)"},"content":{"rendered":"<p>L&#8217;Easyrig MiniMax original est un support de cam\u00e9ra pouvant prendre un poids de 2 \u00e0 7 kg. <br \/>Il est innovant dans son syst\u00e8me vario repris sur son grand fr\u00e8re, l&#8217;Easyrig vario 5. Il offre un confort sans \u00e9gal aux op\u00e9rateurs et cadreurs cam\u00e9ras sur leurs tournages. <br \/>Tr\u00e8s pratique, cet accessoire est un must et \u00e9vite de tenir sans arr\u00eat la cam\u00e9ra ou le Ronin utilis\u00e9.<\/p>\n","protected":false},"excerpt":{"rendered":"<p>L&#8217;Easyrig MiniMax original est un support de cam\u00e9ra pouvant prendre un poids de 2 \u00e0 7 kg. Il est innovant dans son syst\u00e8me vario repris sur son grand fr\u00e8re, l&#8217;Easyrig vario 5. Il offre un confort sans \u00e9gal aux op\u00e9rateurs et cadreurs cam\u00e9ras sur leurs tournages. Tr\u00e8s pratique, cet accessoire est un must et \u00e9vite [&hellip;]<\/p>\n","protected":false},"featured_media":5211,"template":"","meta":{"inline_featured_image":false},"product_brand":[],"product_cat":[2067],"product_tag":[],"class_list":{"0":"post-5207","1":"product","2":"type-product","3":"status-publish","4":"has-post-thumbnail","6":"product_cat-harnais","8":"first","9":"instock","10":"taxable","11":"shipping-taxable","12":"purchasable","13":"product-type-rentable"},"acf":[],"_links":{"self":[{"href":"https:\/\/indie.rent\/catalogue\/wp-json\/wp\/v2\/product\/5207","targetHints":{"allow":["GET"]}}],"collection":[{"href":"https:\/\/indie.rent\/catalogue\/wp-json\/wp\/v2\/product"}],"about":[{"href":"https:\/\/indie.rent\/catalogue\/wp-json\/wp\/v2\/types\/product"}],"version-history":[{"count":0,"href":"https:\/\/indie.rent\/catalogue\/wp-json\/wp\/v2\/product\/5207\/revisions"}],"wp:featuredmedia":[{"embeddable":true,"href":"https:\/\/indie.rent\/catalogue\/wp-json\/wp\/v2\/media\/5211"}],"wp:attachment":[{"href":"https:\/\/indie.rent\/catalogue\/wp-json\/wp\/v2\/media?parent=5207"}],"wp:term":[{"taxonomy":"product_brand","embeddable":true,"href":"https:\/\/indie.rent\/catalogue\/wp-json\/wp\/v2\/product_brand?post=5207"},{"taxonomy":"product_cat","embeddable":true,"href":"https:\/\/indie.rent\/catalogue\/wp-json\/wp\/v2\/product_cat?post=5207"},{"taxonomy":"product_tag","embeddable":true,"href":"https:\/\/indie.rent\/catalogue\/wp-json\/wp\/v2\/product_tag?post=5207"}],"curies":[{"name":"wp","href":"https:\/\/api.w.org\/{rel}","templated":true}]}}