{"id":514,"date":"2025-01-09T10:03:54","date_gmt":"2025-01-09T09:03:54","guid":{"rendered":"https:\/\/indie.rent\/catalogue\/produit\/fillini-minette-led\/"},"modified":"2026-04-30T15:57:12","modified_gmt":"2026-04-30T13:57:12","slug":"minette-fillini-led","status":"publish","type":"product","link":"https:\/\/indie.rent\/catalogue\/produit\/minette-fillini-led\/","title":{"rendered":"Minette FILLINI LED"},"content":{"rendered":"<p>Fillini Minette LED<\/p>\n<p>Petite, pratique, relativement puissante, la minette Led Fillini est tr\u00e8s appr\u00e9ci\u00e9 pour sa faible consommation \u00e9lectrique. Le r\u00e9flecteur sert \u00e0 une distribution uniforme de la lumi\u00e8re.<\/p>\n<p>Caract\u00e9ristiques principales :<br \/>&#8211; Dimmable dans une plage de 0% \u00e0 100%,<br \/>&#8211; Intensit\u00e9 lumineuse: 1m: 800 lux,<br \/>&#8211; Lumi\u00e8re du jour, 5600 \u00b0 K, convertible \u00e0 3200 \u00b0 K par filtre magn\u00e9tique amovible,<br \/>&#8211; Plage de tension: 5,8 &#8211; 16,8 V CC,<br \/>&#8211; Consommation \u00e9lectrique: 15 W,<br \/>&#8211; Taille: 10.6 x 9 x 5 cm,<br \/>&#8211; Poids: 253 g.<\/p>\n","protected":false},"excerpt":{"rendered":"<p>Fillini Minette LED Petite, pratique, relativement puissante, la minette Led Fillini est tr\u00e8s appr\u00e9ci\u00e9 pour sa faible consommation \u00e9lectrique. Le r\u00e9flecteur sert \u00e0 une distribution uniforme de la lumi\u00e8re. Caract\u00e9ristiques principales :&#8211; Dimmable dans une plage de 0% \u00e0 100%,&#8211; Intensit\u00e9 lumineuse: 1m: 800 lux,&#8211; Lumi\u00e8re du jour, 5600 \u00b0 K, convertible \u00e0 3200 \u00b0 [&hellip;]<\/p>\n","protected":false},"featured_media":2221,"template":"","meta":{"inline_featured_image":false},"product_brand":[],"product_cat":[2017],"product_tag":[],"class_list":{"0":"post-514","1":"product","2":"type-product","3":"status-publish","4":"has-post-thumbnail","6":"product_cat-minette-led-monocolor","8":"first","9":"instock","10":"taxable","11":"shipping-taxable","12":"purchasable","13":"product-type-rentable"},"acf":[],"_links":{"self":[{"href":"https:\/\/indie.rent\/catalogue\/wp-json\/wp\/v2\/product\/514","targetHints":{"allow":["GET"]}}],"collection":[{"href":"https:\/\/indie.rent\/catalogue\/wp-json\/wp\/v2\/product"}],"about":[{"href":"https:\/\/indie.rent\/catalogue\/wp-json\/wp\/v2\/types\/product"}],"version-history":[{"count":0,"href":"https:\/\/indie.rent\/catalogue\/wp-json\/wp\/v2\/product\/514\/revisions"}],"wp:featuredmedia":[{"embeddable":true,"href":"https:\/\/indie.rent\/catalogue\/wp-json\/wp\/v2\/media\/2221"}],"wp:attachment":[{"href":"https:\/\/indie.rent\/catalogue\/wp-json\/wp\/v2\/media?parent=514"}],"wp:term":[{"taxonomy":"product_brand","embeddable":true,"href":"https:\/\/indie.rent\/catalogue\/wp-json\/wp\/v2\/product_brand?post=514"},{"taxonomy":"product_cat","embeddable":true,"href":"https:\/\/indie.rent\/catalogue\/wp-json\/wp\/v2\/product_cat?post=514"},{"taxonomy":"product_tag","embeddable":true,"href":"https:\/\/indie.rent\/catalogue\/wp-json\/wp\/v2\/product_tag?post=514"}],"curies":[{"name":"wp","href":"https:\/\/api.w.org\/{rel}","templated":true}]}}