{"id":5070,"date":"2025-10-03T00:09:30","date_gmt":"2025-10-02T22:09:30","guid":{"rendered":"https:\/\/indie.rent\/catalogue\/produit\/tete-fluide-sirui-svh15-avec-trepied-75-mm\/"},"modified":"2026-04-16T18:28:50","modified_gmt":"2026-04-16T16:28:50","slug":"tete-fluide-sirui-svh15-avec-trepied-75-mm","status":"publish","type":"product","link":"https:\/\/indie.rent\/catalogue\/produit\/tete-fluide-sirui-svh15-avec-trepied-75-mm\/","title":{"rendered":"T\u00eate Fluide SIRUI SVH15 avec Tr\u00e9pied 75 mm"},"content":{"rendered":"<p>SVT75 Lite Tr\u00e9pied Video + Rotule vid\u00e9o SVH15\u00a0de Sirui<\/p>\n<p>Hauteur max : 153 cm \/ Charge max : 25 kg\u00a0<\/p>\n<p>\u00a0<\/p>\n<p>Principales Caract\u00e9ristiques:<\/p>\n<p>&#8211; Construction de fibres de carbone<br \/>&#8211; R\u00e9glage de la jambe \u00e0 un \u00e9tage<br \/>&#8211; Pieds int\u00e9gr\u00e9s \u00e0 pics<br \/>&#8211; Coussins de pied en fer \u00e0 cheval amovibles<br \/>&#8211; Capacit\u00e9 de charge: 15 kg<br \/>&#8211; Poids: 7,4 kg<br \/>&#8211; Jeu de la demi-ballette de 75 mm avec poign\u00e9e \u00e0 d\u00e9verrouiller rapidement<br \/>&#8211; Montage \u00e0 montage sur des glissi\u00e8res ou des tr\u00e9pieds \u00e0 montage plat<br \/>&#8211; 7 \u00c9tapes du contrepoids<br \/>&#8211; basculant de -70 \u00e0 plus de 90 degr\u00e9s<br \/>&#8211; Baisse de la plaque vid\u00e9o \u00e0 montage rapide et \u00e0 lib\u00e9ration rapide avec serrure \u00e0 levier<br \/>&#8211; Douilles d&#8217;accessoires 1\/4&#8242;-20 et 3\/8&#8242;-16<br \/>&#8211; Fonctionnement \u00e0 double poign\u00e9e<\/p>\n<p>\u00a0<\/p>\n","protected":false},"excerpt":{"rendered":"<p>SVT75 Lite Tr\u00e9pied Video + Rotule vid\u00e9o SVH15\u00a0de Sirui Hauteur max : 153 cm \/ Charge max : 25 kg\u00a0 \u00a0 Principales Caract\u00e9ristiques: &#8211; Construction de fibres de carbone&#8211; R\u00e9glage de la jambe \u00e0 un \u00e9tage&#8211; Pieds int\u00e9gr\u00e9s \u00e0 pics&#8211; Coussins de pied en fer \u00e0 cheval amovibles&#8211; Capacit\u00e9 de charge: 15 kg&#8211; Poids: 7,4 [&hellip;]<\/p>\n","protected":false},"featured_media":5072,"template":"","meta":{"inline_featured_image":false},"product_brand":[],"product_cat":[2041],"product_tag":[],"class_list":{"0":"post-5070","1":"product","2":"type-product","3":"status-publish","4":"has-post-thumbnail","6":"product_cat-tete-et-trepied-75mm","8":"first","9":"instock","10":"taxable","11":"shipping-taxable","12":"purchasable","13":"product-type-rentable"},"acf":[],"_links":{"self":[{"href":"https:\/\/indie.rent\/catalogue\/wp-json\/wp\/v2\/product\/5070","targetHints":{"allow":["GET"]}}],"collection":[{"href":"https:\/\/indie.rent\/catalogue\/wp-json\/wp\/v2\/product"}],"about":[{"href":"https:\/\/indie.rent\/catalogue\/wp-json\/wp\/v2\/types\/product"}],"version-history":[{"count":0,"href":"https:\/\/indie.rent\/catalogue\/wp-json\/wp\/v2\/product\/5070\/revisions"}],"wp:featuredmedia":[{"embeddable":true,"href":"https:\/\/indie.rent\/catalogue\/wp-json\/wp\/v2\/media\/5072"}],"wp:attachment":[{"href":"https:\/\/indie.rent\/catalogue\/wp-json\/wp\/v2\/media?parent=5070"}],"wp:term":[{"taxonomy":"product_brand","embeddable":true,"href":"https:\/\/indie.rent\/catalogue\/wp-json\/wp\/v2\/product_brand?post=5070"},{"taxonomy":"product_cat","embeddable":true,"href":"https:\/\/indie.rent\/catalogue\/wp-json\/wp\/v2\/product_cat?post=5070"},{"taxonomy":"product_tag","embeddable":true,"href":"https:\/\/indie.rent\/catalogue\/wp-json\/wp\/v2\/product_tag?post=5070"}],"curies":[{"name":"wp","href":"https:\/\/api.w.org\/{rel}","templated":true}]}}