{"id":499,"date":"2025-01-09T10:03:50","date_gmt":"2025-01-09T09:03:50","guid":{"rendered":"https:\/\/indie.rent\/catalogue\/produit\/adaptateur-p17-32a-mono-male-vers-marechal-32a-mono-femelle\/"},"modified":"2026-04-16T18:00:39","modified_gmt":"2026-04-16T16:00:39","slug":"adaptateur-p17-32a-mono-male-vers-marechal-32a-mono-femelle","status":"publish","type":"product","link":"https:\/\/indie.rent\/catalogue\/produit\/adaptateur-p17-32a-mono-male-vers-marechal-32a-mono-femelle\/","title":{"rendered":"Adaptateur P17 32A Mono M\u00e2le vers Mar\u00e9chal 32A Mono Femelle"},"content":{"rendered":"<p>Adaptateur P17 32A Mono M\u00e2le vers Mar\u00e9chal 32A Mono Femelle<\/p>\n","protected":false},"excerpt":{"rendered":"<p>Adaptateur P17 32A Mono M\u00e2le vers Mar\u00e9chal 32A Mono Femelle<\/p>\n","protected":false},"featured_media":2424,"template":"","meta":{"inline_featured_image":false},"product_brand":[],"product_cat":[2092],"product_tag":[],"class_list":{"0":"post-499","1":"product","2":"type-product","3":"status-publish","4":"has-post-thumbnail","6":"product_cat-32a","8":"first","9":"instock","10":"taxable","11":"shipping-taxable","12":"purchasable","13":"product-type-rentable"},"acf":[],"_links":{"self":[{"href":"https:\/\/indie.rent\/catalogue\/wp-json\/wp\/v2\/product\/499","targetHints":{"allow":["GET"]}}],"collection":[{"href":"https:\/\/indie.rent\/catalogue\/wp-json\/wp\/v2\/product"}],"about":[{"href":"https:\/\/indie.rent\/catalogue\/wp-json\/wp\/v2\/types\/product"}],"version-history":[{"count":0,"href":"https:\/\/indie.rent\/catalogue\/wp-json\/wp\/v2\/product\/499\/revisions"}],"wp:featuredmedia":[{"embeddable":true,"href":"https:\/\/indie.rent\/catalogue\/wp-json\/wp\/v2\/media\/2424"}],"wp:attachment":[{"href":"https:\/\/indie.rent\/catalogue\/wp-json\/wp\/v2\/media?parent=499"}],"wp:term":[{"taxonomy":"product_brand","embeddable":true,"href":"https:\/\/indie.rent\/catalogue\/wp-json\/wp\/v2\/product_brand?post=499"},{"taxonomy":"product_cat","embeddable":true,"href":"https:\/\/indie.rent\/catalogue\/wp-json\/wp\/v2\/product_cat?post=499"},{"taxonomy":"product_tag","embeddable":true,"href":"https:\/\/indie.rent\/catalogue\/wp-json\/wp\/v2\/product_tag?post=499"}],"curies":[{"name":"wp","href":"https:\/\/api.w.org\/{rel}","templated":true}]}}