{"id":497,"date":"2025-01-09T10:03:49","date_gmt":"2025-01-09T09:03:49","guid":{"rendered":"https:\/\/indie.rent\/catalogue\/produit\/pied-1000-en-alu-noir-a0045b\/"},"modified":"2026-04-16T18:37:46","modified_gmt":"2026-04-16T16:37:46","slug":"pied-1000-en-alu-noir-a0045b","status":"publish","type":"product","link":"https:\/\/indie.rent\/catalogue\/produit\/pied-1000-en-alu-noir-a0045b\/","title":{"rendered":"Pied 1000 en Alu Noir &#8211; A0045B"},"content":{"rendered":"<p>Pied en aluminium noir avec 4 sections et 3 montants. Ce pied peut supporter une charge maximale de 10 kg et peut atteindre une hauteur maximale de 4,50 m. Le pied est dot\u00e9 d&#8217;1 jambe r\u00e9glable pour que vous puissiez facilement l&#8217;utiliser sur des surfaces irr\u00e9guli\u00e8res. Il dispose \u00e9galement d&#8217;une fixation en son sommet de 5\/8&#8221; (16 mm).<\/p>\n","protected":false},"excerpt":{"rendered":"<p>Pied en aluminium noir avec 4 sections et 3 montants. Ce pied peut supporter une charge maximale de 10 kg et peut atteindre une hauteur maximale de 4,50 m. Le pied est dot\u00e9 d&#8217;1 jambe r\u00e9glable pour que vous puissiez facilement l&#8217;utiliser sur des surfaces irr\u00e9guli\u00e8res. Il dispose \u00e9galement d&#8217;une fixation en son sommet de [&hellip;]<\/p>\n","protected":false},"featured_media":2379,"template":"","meta":{"inline_featured_image":false},"product_brand":[],"product_cat":[2026],"product_tag":[],"class_list":{"0":"post-497","1":"product","2":"type-product","3":"status-publish","4":"has-post-thumbnail","6":"product_cat-pied-1000","8":"first","9":"instock","10":"taxable","11":"shipping-taxable","12":"purchasable","13":"product-type-rentable"},"acf":[],"_links":{"self":[{"href":"https:\/\/indie.rent\/catalogue\/wp-json\/wp\/v2\/product\/497","targetHints":{"allow":["GET"]}}],"collection":[{"href":"https:\/\/indie.rent\/catalogue\/wp-json\/wp\/v2\/product"}],"about":[{"href":"https:\/\/indie.rent\/catalogue\/wp-json\/wp\/v2\/types\/product"}],"version-history":[{"count":0,"href":"https:\/\/indie.rent\/catalogue\/wp-json\/wp\/v2\/product\/497\/revisions"}],"wp:featuredmedia":[{"embeddable":true,"href":"https:\/\/indie.rent\/catalogue\/wp-json\/wp\/v2\/media\/2379"}],"wp:attachment":[{"href":"https:\/\/indie.rent\/catalogue\/wp-json\/wp\/v2\/media?parent=497"}],"wp:term":[{"taxonomy":"product_brand","embeddable":true,"href":"https:\/\/indie.rent\/catalogue\/wp-json\/wp\/v2\/product_brand?post=497"},{"taxonomy":"product_cat","embeddable":true,"href":"https:\/\/indie.rent\/catalogue\/wp-json\/wp\/v2\/product_cat?post=497"},{"taxonomy":"product_tag","embeddable":true,"href":"https:\/\/indie.rent\/catalogue\/wp-json\/wp\/v2\/product_tag?post=497"}],"curies":[{"name":"wp","href":"https:\/\/api.w.org\/{rel}","templated":true}]}}