{"id":496,"date":"2025-01-09T10:03:49","date_gmt":"2025-01-09T09:03:49","guid":{"rendered":"https:\/\/indie.rent\/catalogue\/produit\/pied-u126-leger-en-acier-126csu\/"},"modified":"2026-04-16T18:36:33","modified_gmt":"2026-04-16T16:36:33","slug":"pied-u126-leger-en-acier-126csu","status":"publish","type":"product","link":"https:\/\/indie.rent\/catalogue\/produit\/pied-u126-leger-en-acier-126csu\/","title":{"rendered":"Pied U126 l\u00e9ger en acier &#8211; 126CSU"},"content":{"rendered":"<p>Le pied U126 en acier d&#8217;Avenger est un pied en acier chrom\u00e9 dot\u00e9 de 3 sections et de 2 montants. C&#8217;est un pied pour charges lourdes qui peut supporter une charge maximale de 40 kg et peut atteindre une hauteur maximale de 3,50 m. Il est \u00e9galement compatible avec les roues \u00e0 frein A900N qui sont vendues s\u00e9par\u00e9ment. Il est dot\u00e9 d&#8217;une douille m\u00e2le de fixation de 5\/8&#8221; (16 mm) en son sommet et d&#8217;une douille femelle de 1&#8221;1\/8 (28 mm). Il poss\u00e8de \u00e9galement 1 jambe r\u00e9glable pour maintenir le pied stable m\u00eame sur des surfaces irr\u00e9guli\u00e8res.<\/p>\n","protected":false},"excerpt":{"rendered":"<p>Le pied U126 en acier d&#8217;Avenger est un pied en acier chrom\u00e9 dot\u00e9 de 3 sections et de 2 montants. C&#8217;est un pied pour charges lourdes qui peut supporter une charge maximale de 40 kg et peut atteindre une hauteur maximale de 3,50 m. Il est \u00e9galement compatible avec les roues \u00e0 frein A900N qui [&hellip;]<\/p>\n","protected":false},"featured_media":2350,"template":"","meta":{"inline_featured_image":false},"product_brand":[],"product_cat":[2027],"product_tag":[],"class_list":{"0":"post-496","1":"product","2":"type-product","3":"status-publish","4":"has-post-thumbnail","6":"product_cat-pied-u126","8":"first","9":"instock","10":"taxable","11":"shipping-taxable","12":"purchasable","13":"product-type-rentable"},"acf":[],"_links":{"self":[{"href":"https:\/\/indie.rent\/catalogue\/wp-json\/wp\/v2\/product\/496","targetHints":{"allow":["GET"]}}],"collection":[{"href":"https:\/\/indie.rent\/catalogue\/wp-json\/wp\/v2\/product"}],"about":[{"href":"https:\/\/indie.rent\/catalogue\/wp-json\/wp\/v2\/types\/product"}],"version-history":[{"count":0,"href":"https:\/\/indie.rent\/catalogue\/wp-json\/wp\/v2\/product\/496\/revisions"}],"wp:featuredmedia":[{"embeddable":true,"href":"https:\/\/indie.rent\/catalogue\/wp-json\/wp\/v2\/media\/2350"}],"wp:attachment":[{"href":"https:\/\/indie.rent\/catalogue\/wp-json\/wp\/v2\/media?parent=496"}],"wp:term":[{"taxonomy":"product_brand","embeddable":true,"href":"https:\/\/indie.rent\/catalogue\/wp-json\/wp\/v2\/product_brand?post=496"},{"taxonomy":"product_cat","embeddable":true,"href":"https:\/\/indie.rent\/catalogue\/wp-json\/wp\/v2\/product_cat?post=496"},{"taxonomy":"product_tag","embeddable":true,"href":"https:\/\/indie.rent\/catalogue\/wp-json\/wp\/v2\/product_tag?post=496"}],"curies":[{"name":"wp","href":"https:\/\/api.w.org\/{rel}","templated":true}]}}