{"id":483,"date":"2025-01-09T10:03:45","date_gmt":"2025-01-09T09:03:45","guid":{"rendered":"https:\/\/indie.rent\/catalogue\/produit\/pied-alu-divers\/"},"modified":"2026-04-16T14:28:35","modified_gmt":"2026-04-16T12:28:35","slug":"pied-alu-divers","status":"publish","type":"product","link":"https:\/\/indie.rent\/catalogue\/produit\/pied-alu-divers\/","title":{"rendered":"Pied alu divers"},"content":{"rendered":"<p>Pied alu<\/p>\n<p>Les pieds alus sont des pieds connus pour leur aspect pratique : l\u00e9gers, compacts et faciles \u00e0 transporter, ils sont tr\u00e8s utiles pour y fixer des projecteurs l\u00e9gers, \u00e0 utiliser en studio photo ou vid\u00e9o. Ils peuvent \u00e9galement \u00eatre utilis\u00e9s pour y fixer un moniteur pour assistant. Il est le compagnon id\u00e9al des interviews et reportages en petite \u00e9quipe pour y installer sa lumi\u00e8re mais est aussi un bon compl\u00e9ment \u00e0 sa liste lumi\u00e8re pour tout projet de fiction, publicit\u00e9, clip&#8230;<\/p>\n","protected":false},"excerpt":{"rendered":"<p>Pied alu Les pieds alus sont des pieds connus pour leur aspect pratique : l\u00e9gers, compacts et faciles \u00e0 transporter, ils sont tr\u00e8s utiles pour y fixer des projecteurs l\u00e9gers, \u00e0 utiliser en studio photo ou vid\u00e9o. Ils peuvent \u00e9galement \u00eatre utilis\u00e9s pour y fixer un moniteur pour assistant. Il est le compagnon id\u00e9al des [&hellip;]<\/p>\n","protected":false},"featured_media":1889,"template":"","meta":{"inline_featured_image":false},"product_brand":[],"product_cat":[2029],"product_tag":[],"class_list":{"0":"post-483","1":"product","2":"type-product","3":"status-publish","4":"has-post-thumbnail","6":"product_cat-pied-alu","8":"first","9":"instock","10":"taxable","11":"shipping-taxable","12":"purchasable","13":"product-type-rentable"},"acf":[],"_links":{"self":[{"href":"https:\/\/indie.rent\/catalogue\/wp-json\/wp\/v2\/product\/483","targetHints":{"allow":["GET"]}}],"collection":[{"href":"https:\/\/indie.rent\/catalogue\/wp-json\/wp\/v2\/product"}],"about":[{"href":"https:\/\/indie.rent\/catalogue\/wp-json\/wp\/v2\/types\/product"}],"version-history":[{"count":0,"href":"https:\/\/indie.rent\/catalogue\/wp-json\/wp\/v2\/product\/483\/revisions"}],"wp:featuredmedia":[{"embeddable":true,"href":"https:\/\/indie.rent\/catalogue\/wp-json\/wp\/v2\/media\/1889"}],"wp:attachment":[{"href":"https:\/\/indie.rent\/catalogue\/wp-json\/wp\/v2\/media?parent=483"}],"wp:term":[{"taxonomy":"product_brand","embeddable":true,"href":"https:\/\/indie.rent\/catalogue\/wp-json\/wp\/v2\/product_brand?post=483"},{"taxonomy":"product_cat","embeddable":true,"href":"https:\/\/indie.rent\/catalogue\/wp-json\/wp\/v2\/product_cat?post=483"},{"taxonomy":"product_tag","embeddable":true,"href":"https:\/\/indie.rent\/catalogue\/wp-json\/wp\/v2\/product_tag?post=483"}],"curies":[{"name":"wp","href":"https:\/\/api.w.org\/{rel}","templated":true}]}}