{"id":482,"date":"2025-01-09T10:03:45","date_gmt":"2025-01-09T09:03:45","guid":{"rendered":"https:\/\/indie.rent\/catalogue\/produit\/pied-baby-1000\/"},"modified":"2026-04-16T18:37:45","modified_gmt":"2026-04-16T16:37:45","slug":"pied-baby-1000-a0010","status":"publish","type":"product","link":"https:\/\/indie.rent\/catalogue\/produit\/pied-baby-1000-a0010\/","title":{"rendered":"Pied Baby 1000 &#8211; A0010"},"content":{"rendered":"<p>Pied Baby 1000<\/p>\n<p>Mod\u00e8le plus petit que le pied de 1000, le pied Avenger Baby 1000 est lui aussi constitu\u00e9 d\u2019aluminium et d\u2019acier. Sa tr\u00e8s petite taille lui permet d\u2019\u00eatre install\u00e9 dans des endroits ou aucun autres pieds ne passerait. La plupart du temps il permet \u00e9galement d\u2019installer des projecteurs quasiment au niveau du sol. Au sommet, on retrouve une fixation spiggot non filet\u00e9 de 16 mm. <\/p>\n<p>Il est constitu\u00e9 de 3 colonnes dont 2 coulissantes. Il peut supporter des charges allant jusqu\u2019\u00e0 4 kg et, malgr\u00e9 sa petite taille, permet quand m\u00eame de monter jusqu\u2019\u00e0 une hauteur de 100 cm. Il poss\u00e8de lui aussi un de ses pieds ajustable en longueur afin de s\u2019adapter au terrain sur le plateau. <br \/>Enfin, il p\u00e8se environ 1,8 kg et repli\u00e9, il mesure 47 cm.<\/p>\n","protected":false},"excerpt":{"rendered":"<p>Pied Baby 1000 Mod\u00e8le plus petit que le pied de 1000, le pied Avenger Baby 1000 est lui aussi constitu\u00e9 d\u2019aluminium et d\u2019acier. Sa tr\u00e8s petite taille lui permet d\u2019\u00eatre install\u00e9 dans des endroits ou aucun autres pieds ne passerait. La plupart du temps il permet \u00e9galement d\u2019installer des projecteurs quasiment au niveau du sol. [&hellip;]<\/p>\n","protected":false},"featured_media":1888,"template":"","meta":{"inline_featured_image":false},"product_brand":[],"product_cat":[2026],"product_tag":[],"class_list":{"0":"post-482","1":"product","2":"type-product","3":"status-publish","4":"has-post-thumbnail","6":"product_cat-pied-1000","8":"first","9":"instock","10":"taxable","11":"shipping-taxable","12":"purchasable","13":"product-type-rentable"},"acf":[],"_links":{"self":[{"href":"https:\/\/indie.rent\/catalogue\/wp-json\/wp\/v2\/product\/482","targetHints":{"allow":["GET"]}}],"collection":[{"href":"https:\/\/indie.rent\/catalogue\/wp-json\/wp\/v2\/product"}],"about":[{"href":"https:\/\/indie.rent\/catalogue\/wp-json\/wp\/v2\/types\/product"}],"version-history":[{"count":0,"href":"https:\/\/indie.rent\/catalogue\/wp-json\/wp\/v2\/product\/482\/revisions"}],"wp:featuredmedia":[{"embeddable":true,"href":"https:\/\/indie.rent\/catalogue\/wp-json\/wp\/v2\/media\/1888"}],"wp:attachment":[{"href":"https:\/\/indie.rent\/catalogue\/wp-json\/wp\/v2\/media?parent=482"}],"wp:term":[{"taxonomy":"product_brand","embeddable":true,"href":"https:\/\/indie.rent\/catalogue\/wp-json\/wp\/v2\/product_brand?post=482"},{"taxonomy":"product_cat","embeddable":true,"href":"https:\/\/indie.rent\/catalogue\/wp-json\/wp\/v2\/product_cat?post=482"},{"taxonomy":"product_tag","embeddable":true,"href":"https:\/\/indie.rent\/catalogue\/wp-json\/wp\/v2\/product_tag?post=482"}],"curies":[{"name":"wp","href":"https:\/\/api.w.org\/{rel}","templated":true}]}}