{"id":481,"date":"2025-01-09T10:03:45","date_gmt":"2025-01-09T09:03:45","guid":{"rendered":"https:\/\/indie.rent\/catalogue\/produit\/pied-1000-en-acier-a0045cs\/"},"modified":"2026-04-30T17:05:45","modified_gmt":"2026-04-30T15:05:45","slug":"pied-1000-en-acier-a0045cs","status":"publish","type":"product","link":"https:\/\/indie.rent\/catalogue\/produit\/pied-1000-en-acier-a0045cs\/","title":{"rendered":"Pied 1000 en Acier &#8211; A0045CS"},"content":{"rendered":"<p>Pied 1000<\/p>\n<p>De la marque Avenger, le pied de 1000 est un pied fait d\u2019aluminium et d\u2019acier. Il est tr\u00e8s utilis\u00e9 sur les plateaux de cin\u00e9ma ou publicit\u00e9. <\/p>\n<p>Il est constitu\u00e9 de 4 colonnes dont 3 coulissantes. Au sommet on retrouve une fixation spiggot non filet\u00e9 de 16 mm. Pil\u00e9, le pied mesure 112 cm et il p\u00e8se 7 kg. Il est possible d\u2019y fixer des charges allant jusqu\u2019\u00e0 9 kg. Le pied de 1000 a une hauteur maximale de 3,50 m et une hauteur minimale de 1,26 m. Enfin, il poss\u00e8de un de ses pieds \u00ab intelligent \u00bb, il est ajustable en longueur afin de s\u2019adapter au terrain sur le plateau. \u00c7a lui sert notamment \u00e0 pouvoir \u00eatre \u00e0 niveau m\u00eame sur des terrains en pente.<\/p>\n","protected":false},"excerpt":{"rendered":"<p>Pied 1000 De la marque Avenger, le pied de 1000 est un pied fait d\u2019aluminium et d\u2019acier. Il est tr\u00e8s utilis\u00e9 sur les plateaux de cin\u00e9ma ou publicit\u00e9. Il est constitu\u00e9 de 4 colonnes dont 3 coulissantes. Au sommet on retrouve une fixation spiggot non filet\u00e9 de 16 mm. Pil\u00e9, le pied mesure 112 cm [&hellip;]<\/p>\n","protected":false},"featured_media":1887,"template":"","meta":{"inline_featured_image":false},"product_brand":[],"product_cat":[2026],"product_tag":[],"class_list":{"0":"post-481","1":"product","2":"type-product","3":"status-publish","4":"has-post-thumbnail","6":"product_cat-pied-1000","8":"first","9":"instock","10":"taxable","11":"shipping-taxable","12":"purchasable","13":"product-type-rentable"},"acf":[],"_links":{"self":[{"href":"https:\/\/indie.rent\/catalogue\/wp-json\/wp\/v2\/product\/481","targetHints":{"allow":["GET"]}}],"collection":[{"href":"https:\/\/indie.rent\/catalogue\/wp-json\/wp\/v2\/product"}],"about":[{"href":"https:\/\/indie.rent\/catalogue\/wp-json\/wp\/v2\/types\/product"}],"version-history":[{"count":0,"href":"https:\/\/indie.rent\/catalogue\/wp-json\/wp\/v2\/product\/481\/revisions"}],"wp:featuredmedia":[{"embeddable":true,"href":"https:\/\/indie.rent\/catalogue\/wp-json\/wp\/v2\/media\/1887"}],"wp:attachment":[{"href":"https:\/\/indie.rent\/catalogue\/wp-json\/wp\/v2\/media?parent=481"}],"wp:term":[{"taxonomy":"product_brand","embeddable":true,"href":"https:\/\/indie.rent\/catalogue\/wp-json\/wp\/v2\/product_brand?post=481"},{"taxonomy":"product_cat","embeddable":true,"href":"https:\/\/indie.rent\/catalogue\/wp-json\/wp\/v2\/product_cat?post=481"},{"taxonomy":"product_tag","embeddable":true,"href":"https:\/\/indie.rent\/catalogue\/wp-json\/wp\/v2\/product_tag?post=481"}],"curies":[{"name":"wp","href":"https:\/\/api.w.org\/{rel}","templated":true}]}}