{"id":4758,"date":"2025-09-03T17:53:09","date_gmt":"2025-09-03T15:53:09","guid":{"rendered":"https:\/\/indie.rent\/catalogue\/produit\/feuille-de-gelatine-deffet-120x120cm-a-lunite-chris-james-275-black-scrim\/"},"modified":"2026-04-15T18:01:27","modified_gmt":"2026-04-15T16:01:27","slug":"feuille-de-gelatine-deffet-120x120cm-a-lunite-chris-james-275-black-scrim","status":"publish","type":"product","link":"https:\/\/indie.rent\/catalogue\/produit\/feuille-de-gelatine-deffet-120x120cm-a-lunite-chris-james-275-black-scrim\/","title":{"rendered":"Feuille de G\u00e9latine d&#8217;Effet 120x120cm \u00e0 l&#8217;unit\u00e9 &#8211; (Chris James 275) &#8211; Black Scrim"},"content":{"rendered":"","protected":false},"excerpt":{"rendered":"","protected":false},"featured_media":4761,"template":"","meta":{"inline_featured_image":false},"product_brand":[],"product_cat":[2230],"product_tag":[],"class_list":{"0":"post-4758","1":"product","2":"type-product","3":"status-publish","4":"has-post-thumbnail","6":"product_cat-gelatines-et-poly","8":"first","9":"instock","10":"taxable","11":"shipping-taxable","12":"purchasable","13":"product-type-simple"},"acf":[],"_links":{"self":[{"href":"https:\/\/indie.rent\/catalogue\/wp-json\/wp\/v2\/product\/4758","targetHints":{"allow":["GET"]}}],"collection":[{"href":"https:\/\/indie.rent\/catalogue\/wp-json\/wp\/v2\/product"}],"about":[{"href":"https:\/\/indie.rent\/catalogue\/wp-json\/wp\/v2\/types\/product"}],"version-history":[{"count":0,"href":"https:\/\/indie.rent\/catalogue\/wp-json\/wp\/v2\/product\/4758\/revisions"}],"wp:featuredmedia":[{"embeddable":true,"href":"https:\/\/indie.rent\/catalogue\/wp-json\/wp\/v2\/media\/4761"}],"wp:attachment":[{"href":"https:\/\/indie.rent\/catalogue\/wp-json\/wp\/v2\/media?parent=4758"}],"wp:term":[{"taxonomy":"product_brand","embeddable":true,"href":"https:\/\/indie.rent\/catalogue\/wp-json\/wp\/v2\/product_brand?post=4758"},{"taxonomy":"product_cat","embeddable":true,"href":"https:\/\/indie.rent\/catalogue\/wp-json\/wp\/v2\/product_cat?post=4758"},{"taxonomy":"product_tag","embeddable":true,"href":"https:\/\/indie.rent\/catalogue\/wp-json\/wp\/v2\/product_tag?post=4758"}],"curies":[{"name":"wp","href":"https:\/\/api.w.org\/{rel}","templated":true}]}}