{"id":475,"date":"2025-01-09T10:03:44","date_gmt":"2025-01-09T09:03:44","guid":{"rendered":"https:\/\/indie.rent\/catalogue\/produit\/extension-u126-137-a-314m-146cs\/"},"modified":"2026-04-04T00:15:57","modified_gmt":"2026-04-03T22:15:57","slug":"extension-u126-137-a-314m-146cs","status":"publish","type":"product","link":"https:\/\/indie.rent\/catalogue\/produit\/extension-u126-137-a-314m-146cs\/","title":{"rendered":"Extension U126 1,37 \u00e0 3,14m &#8211; 146CS"},"content":{"rendered":"<p>Rallonge en acier chrom\u00e9 \u00e0 3 colonnes (\u00d8 : 35, 30, 25mm).<br \/>Minimum d\u2019extension: 137cm.<br \/>Maximum d\u2019extension: 314cm.<\/p>\n","protected":false},"excerpt":{"rendered":"<p>Rallonge en acier chrom\u00e9 \u00e0 3 colonnes (\u00d8 : 35, 30, 25mm).Minimum d\u2019extension: 137cm.Maximum d\u2019extension: 314cm.<\/p>\n","protected":false},"featured_media":2431,"template":"","meta":{"inline_featured_image":false},"product_brand":[],"product_cat":[2031],"product_tag":[],"class_list":{"0":"post-475","1":"product","2":"type-product","3":"status-publish","4":"has-post-thumbnail","6":"product_cat-deport","8":"first","9":"instock","10":"featured","11":"taxable","12":"shipping-taxable","13":"purchasable","14":"product-type-rentable"},"acf":[],"_links":{"self":[{"href":"https:\/\/indie.rent\/catalogue\/wp-json\/wp\/v2\/product\/475","targetHints":{"allow":["GET"]}}],"collection":[{"href":"https:\/\/indie.rent\/catalogue\/wp-json\/wp\/v2\/product"}],"about":[{"href":"https:\/\/indie.rent\/catalogue\/wp-json\/wp\/v2\/types\/product"}],"version-history":[{"count":0,"href":"https:\/\/indie.rent\/catalogue\/wp-json\/wp\/v2\/product\/475\/revisions"}],"wp:featuredmedia":[{"embeddable":true,"href":"https:\/\/indie.rent\/catalogue\/wp-json\/wp\/v2\/media\/2431"}],"wp:attachment":[{"href":"https:\/\/indie.rent\/catalogue\/wp-json\/wp\/v2\/media?parent=475"}],"wp:term":[{"taxonomy":"product_brand","embeddable":true,"href":"https:\/\/indie.rent\/catalogue\/wp-json\/wp\/v2\/product_brand?post=475"},{"taxonomy":"product_cat","embeddable":true,"href":"https:\/\/indie.rent\/catalogue\/wp-json\/wp\/v2\/product_cat?post=475"},{"taxonomy":"product_tag","embeddable":true,"href":"https:\/\/indie.rent\/catalogue\/wp-json\/wp\/v2\/product_tag?post=475"}],"curies":[{"name":"wp","href":"https:\/\/api.w.org\/{rel}","templated":true}]}}