{"id":474,"date":"2025-01-09T10:03:44","date_gmt":"2025-01-09T09:03:44","guid":{"rendered":"https:\/\/indie.rent\/catalogue\/produit\/extension-1m-u126-142abs\/"},"modified":"2026-04-04T00:20:43","modified_gmt":"2026-04-03T22:20:43","slug":"extension-1m-u126-142abs","status":"publish","type":"product","link":"https:\/\/indie.rent\/catalogue\/produit\/extension-1m-u126-142abs\/","title":{"rendered":"Extension 1m U126 &#8211; 142ABS"},"content":{"rendered":"<p>Comme l\u2019extension 1000 acier, elle se loge dans les tr\u00e9pieds en spigot femelle 28. Elle prolonge la t\u00eate du tr\u00e9pied pour placer en hauteur les projecteurs lumi\u00e8re, les contr\u00f4leurs de flux type drapeau, cadre de diffusion ou mamma. Cette extension U126 prend aussi les collier spigot 16 et big ben spigot 28 pour faire une structure lumi\u00e8re<\/p>\n","protected":false},"excerpt":{"rendered":"<p>Comme l\u2019extension 1000 acier, elle se loge dans les tr\u00e9pieds en spigot femelle 28. Elle prolonge la t\u00eate du tr\u00e9pied pour placer en hauteur les projecteurs lumi\u00e8re, les contr\u00f4leurs de flux type drapeau, cadre de diffusion ou mamma. Cette extension U126 prend aussi les collier spigot 16 et big ben spigot 28 pour faire une [&hellip;]<\/p>\n","protected":false},"featured_media":2339,"template":"","meta":{"inline_featured_image":false},"product_brand":[],"product_cat":[2031],"product_tag":[],"class_list":{"0":"post-474","1":"product","2":"type-product","3":"status-publish","4":"has-post-thumbnail","6":"product_cat-deport","8":"first","9":"instock","10":"taxable","11":"shipping-taxable","12":"purchasable","13":"product-type-rentable"},"acf":[],"_links":{"self":[{"href":"https:\/\/indie.rent\/catalogue\/wp-json\/wp\/v2\/product\/474","targetHints":{"allow":["GET"]}}],"collection":[{"href":"https:\/\/indie.rent\/catalogue\/wp-json\/wp\/v2\/product"}],"about":[{"href":"https:\/\/indie.rent\/catalogue\/wp-json\/wp\/v2\/types\/product"}],"version-history":[{"count":0,"href":"https:\/\/indie.rent\/catalogue\/wp-json\/wp\/v2\/product\/474\/revisions"}],"wp:featuredmedia":[{"embeddable":true,"href":"https:\/\/indie.rent\/catalogue\/wp-json\/wp\/v2\/media\/2339"}],"wp:attachment":[{"href":"https:\/\/indie.rent\/catalogue\/wp-json\/wp\/v2\/media?parent=474"}],"wp:term":[{"taxonomy":"product_brand","embeddable":true,"href":"https:\/\/indie.rent\/catalogue\/wp-json\/wp\/v2\/product_brand?post=474"},{"taxonomy":"product_cat","embeddable":true,"href":"https:\/\/indie.rent\/catalogue\/wp-json\/wp\/v2\/product_cat?post=474"},{"taxonomy":"product_tag","embeddable":true,"href":"https:\/\/indie.rent\/catalogue\/wp-json\/wp\/v2\/product_tag?post=474"}],"curies":[{"name":"wp","href":"https:\/\/api.w.org\/{rel}","templated":true}]}}