{"id":4711,"date":"2025-08-28T16:54:43","date_gmt":"2025-08-28T14:54:43","guid":{"rendered":"https:\/\/indie.rent\/catalogue\/produit\/astera-leo-fresnel\/"},"modified":"2026-04-16T14:20:36","modified_gmt":"2026-04-16T12:20:36","slug":"projecteur-led-astera-leo","status":"publish","type":"product","link":"https:\/\/indie.rent\/catalogue\/produit\/projecteur-led-astera-leo\/","title":{"rendered":"Projecteur LED ASTERA Leo"},"content":{"rendered":"<p>Projecteur LED Fresnel RGBMA haute puissance, le Astera LeoFresnel est con\u00e7u pour les productions n\u00e9cessitant une source plus puissante avec un contr\u00f4le pr\u00e9cis du faisceau.<\/p>\n<p>Il reprend les avantages du Pluto avec une intensit\u00e9 accrue, id\u00e9al pour remplacer des Fresnel tungst\u00e8ne plus puissants sur les plateaux.<\/p>\n<p>Caract\u00e9ristiques principales<br \/>Source : LED RGBMA (Titan LED Engine)<br \/>Temp\u00e9rature de couleur : 2 700K \u2013 6 500K (mode blanc + couleur \u00e9tendue)<br \/>CRI \/ TLCI : \u2265 96<br \/>Puissance : 250W<br \/>Alimentation : batterie int\u00e9gr\u00e9e + secteur<br \/>Contr\u00f4le : DMX \/ CRMX \/ Bluetooth \/ WiFi<br \/>Angle du faisceau : 15\u00b0 \u2013 60\u00b0 (zoom)<br \/>Autonomie : jusqu\u2019\u00e0 20h ( 2H si puissance MAX)<br \/>\u00c9tanch\u00e9it\u00e9 : IP55<br \/>Dimensions : env. 400 \u00d7 215 \u00d7 300 mm<br \/>Poids : env. 16 kg<\/p>\n","protected":false},"excerpt":{"rendered":"<p>Projecteur LED Fresnel RGBMA haute puissance, le Astera LeoFresnel est con\u00e7u pour les productions n\u00e9cessitant une source plus puissante avec un contr\u00f4le pr\u00e9cis du faisceau. Il reprend les avantages du Pluto avec une intensit\u00e9 accrue, id\u00e9al pour remplacer des Fresnel tungst\u00e8ne plus puissants sur les plateaux. Caract\u00e9ristiques principalesSource : LED RGBMA (Titan LED Engine)Temp\u00e9rature de [&hellip;]<\/p>\n","protected":false},"featured_media":4736,"template":"","meta":{"inline_featured_image":false},"product_brand":[],"product_cat":[2006],"product_tag":[],"class_list":{"0":"post-4711","1":"product","2":"type-product","3":"status-publish","4":"has-post-thumbnail","6":"product_cat-led-couleur-ponctuelle","8":"first","9":"instock","10":"taxable","11":"shipping-taxable","12":"purchasable","13":"product-type-rentable"},"acf":[],"_links":{"self":[{"href":"https:\/\/indie.rent\/catalogue\/wp-json\/wp\/v2\/product\/4711","targetHints":{"allow":["GET"]}}],"collection":[{"href":"https:\/\/indie.rent\/catalogue\/wp-json\/wp\/v2\/product"}],"about":[{"href":"https:\/\/indie.rent\/catalogue\/wp-json\/wp\/v2\/types\/product"}],"version-history":[{"count":0,"href":"https:\/\/indie.rent\/catalogue\/wp-json\/wp\/v2\/product\/4711\/revisions"}],"wp:featuredmedia":[{"embeddable":true,"href":"https:\/\/indie.rent\/catalogue\/wp-json\/wp\/v2\/media\/4736"}],"wp:attachment":[{"href":"https:\/\/indie.rent\/catalogue\/wp-json\/wp\/v2\/media?parent=4711"}],"wp:term":[{"taxonomy":"product_brand","embeddable":true,"href":"https:\/\/indie.rent\/catalogue\/wp-json\/wp\/v2\/product_brand?post=4711"},{"taxonomy":"product_cat","embeddable":true,"href":"https:\/\/indie.rent\/catalogue\/wp-json\/wp\/v2\/product_cat?post=4711"},{"taxonomy":"product_tag","embeddable":true,"href":"https:\/\/indie.rent\/catalogue\/wp-json\/wp\/v2\/product_tag?post=4711"}],"curies":[{"name":"wp","href":"https:\/\/api.w.org\/{rel}","templated":true}]}}