{"id":4710,"date":"2025-08-28T16:54:40","date_gmt":"2025-08-28T14:54:40","guid":{"rendered":"https:\/\/indie.rent\/catalogue\/produit\/projecteur-lightstar-luxed-12\/"},"modified":"2026-04-04T00:18:41","modified_gmt":"2026-04-03T22:18:41","slug":"projecteur-lightstar-luxed-12","status":"publish","type":"product","link":"https:\/\/indie.rent\/catalogue\/produit\/projecteur-lightstar-luxed-12\/","title":{"rendered":"Projecteur LIGHTSTAR Luxed-12"},"content":{"rendered":"<p>Le Lightstar Luxed-12 est le plus puissant de la gamme Luxed. Sa puissance de 2160w en fait un projecteur tr\u00e8s int\u00e9ressant pour les projets n\u00e9cessitant une forte puissance,ce et une grande versatilit\u00e9. Il vous donnera ainsi 18000 lux \u00e0 4 m. Sa conception lui permet de g\u00e9rer l\u2019intensit\u00e9 et la couleur individuellement. Cette individualit\u00e9 de contr\u00f4le pourra \u00eatre utile pour des effets gr\u00e2ce notamment au contr\u00f4le \u00e0 distance en CRMX via Lumenradio int\u00e9gr\u00e9 \u00e0 la t\u00eate (\u00e9galement pr\u00e9sent sur le Luxed 9)<\/p>\n<p>Caract\u00e9ristiques principales :<br \/>Temp\u00e9rature de couleur : 2800K-6500,<br \/>Dimensions : 1256x1526x216mm<br \/>Puissance : 2160w<br \/>Poids : 50kg<\/p>\n<p>\u00a0<\/p>\n<p>Projecteur LED bi-couleur extr\u00eamement puissant, le Luxed 12 est con\u00e7u pour les productions n\u00e9cessitant une intensit\u00e9 maximale et un \u00e9clairage de grande surface.<\/p>\n<p>V\u00e9ritable alternative aux Maxi Brute 12 lampes, il combine puissance, pr\u00e9cision et flexibilit\u00e9 avec un excellent rendu couleur.<\/p>\n<p>Caract\u00e9ristiques principales :<br \/>Source : LED bi-color (Fresnel)<br \/>Temp\u00e9rature de couleur : 2 800K \u2013 6 500K<br \/>CRI \/ TLCI : \u2265 95<br \/>Puissance : 2160W<br \/>Alimentation : secteur 16A<br \/>Contr\u00f4le : DMX \/ Wireless DMX (LumenRadio)<br \/>Dimensions : 1256 \u00d7 1526 \u00d7 216 mm<br \/>IP : 20<br \/>Poids : 50 kg<\/p>\n","protected":false},"excerpt":{"rendered":"<p>Le Lightstar Luxed-12 est le plus puissant de la gamme Luxed. Sa puissance de 2160w en fait un projecteur tr\u00e8s int\u00e9ressant pour les projets n\u00e9cessitant une forte puissance,ce et une grande versatilit\u00e9. Il vous donnera ainsi 18000 lux \u00e0 4 m. Sa conception lui permet de g\u00e9rer l\u2019intensit\u00e9 et la couleur individuellement. Cette individualit\u00e9 de [&hellip;]<\/p>\n","protected":false},"featured_media":4744,"template":"","meta":{"inline_featured_image":false},"product_brand":[],"product_cat":[2013],"product_tag":[],"class_list":{"0":"post-4710","1":"product","2":"type-product","3":"status-publish","4":"has-post-thumbnail","6":"product_cat-led-bicolor-ponctuelle","8":"first","9":"instock","10":"taxable","11":"shipping-taxable","12":"purchasable","13":"product-type-rentable"},"acf":[],"_links":{"self":[{"href":"https:\/\/indie.rent\/catalogue\/wp-json\/wp\/v2\/product\/4710","targetHints":{"allow":["GET"]}}],"collection":[{"href":"https:\/\/indie.rent\/catalogue\/wp-json\/wp\/v2\/product"}],"about":[{"href":"https:\/\/indie.rent\/catalogue\/wp-json\/wp\/v2\/types\/product"}],"version-history":[{"count":1,"href":"https:\/\/indie.rent\/catalogue\/wp-json\/wp\/v2\/product\/4710\/revisions"}],"predecessor-version":[{"id":6518,"href":"https:\/\/indie.rent\/catalogue\/wp-json\/wp\/v2\/product\/4710\/revisions\/6518"}],"wp:featuredmedia":[{"embeddable":true,"href":"https:\/\/indie.rent\/catalogue\/wp-json\/wp\/v2\/media\/4744"}],"wp:attachment":[{"href":"https:\/\/indie.rent\/catalogue\/wp-json\/wp\/v2\/media?parent=4710"}],"wp:term":[{"taxonomy":"product_brand","embeddable":true,"href":"https:\/\/indie.rent\/catalogue\/wp-json\/wp\/v2\/product_brand?post=4710"},{"taxonomy":"product_cat","embeddable":true,"href":"https:\/\/indie.rent\/catalogue\/wp-json\/wp\/v2\/product_cat?post=4710"},{"taxonomy":"product_tag","embeddable":true,"href":"https:\/\/indie.rent\/catalogue\/wp-json\/wp\/v2\/product_tag?post=4710"}],"curies":[{"name":"wp","href":"https:\/\/api.w.org\/{rel}","templated":true}]}}