{"id":4706,"date":"2025-08-28T16:54:36","date_gmt":"2025-08-28T14:54:36","guid":{"rendered":"https:\/\/indie.rent\/catalogue\/produit\/kit-de-2-astera-pluto-fresnel\/"},"modified":"2026-04-04T00:19:39","modified_gmt":"2026-04-03T22:19:39","slug":"projecteurs-led-astera-pluto-kit-de-2","status":"publish","type":"product","link":"https:\/\/indie.rent\/catalogue\/produit\/projecteurs-led-astera-pluto-kit-de-2\/","title":{"rendered":"Projecteurs LED ASTERA Pluto &#8211; Kit de 2"},"content":{"rendered":"<p>Projecteur LED Fresnel RGBMA compact, le Astera PlutoFresnel est con\u00e7u pour remplacer les Fresnel tungst\u00e8ne traditionnels dans un format autonome et moderne.<\/p>\n<p>Il offre un faisceau propre, r\u00e9glable et sans aberration chromatique, id\u00e9al pour les \u00e9clairages pr\u00e9cis en cin\u00e9ma et studio.<\/p>\n<p>Il est \u00e9galement possible de monter sur ce projecteur le nez ptique Projection Lens et d&#8217;en faire une d\u00e9coupe aux grandes qualit\u00e9s optiques.<\/p>\n<p>Caract\u00e9ristiques principales :<\/p>\n<p>Source : LED RGBMA<br \/>Temp\u00e9rature de couleur : 2 700K \u2013 6 500K (mode blanc pr\u00e9cis + couleur)<br \/>CRI \/ TLCI : \u2265 96<br \/>Puissance : 80W<br \/>Alimentation : batterie int\u00e9gr\u00e9e + secteur<br \/>Contr\u00f4le : DMX \/ CRMX \/ Bluetooth \/ WiFi<br \/>Angle du faisceau : 15\u00b0 \u2013 60\u00b0 (zoom manuel)<br \/>Autonomie : jusqu\u2019\u00e0 20h (\u2248 3h \u00e0 pleine puissance)<br \/>\u00c9tanch\u00e9it\u00e9 : IP55<br \/>Dimensions : 282 \u00d7 154 \u00d7 162 mm<br \/>Poids : env. 4,6 kg<\/p>\n","protected":false},"excerpt":{"rendered":"<p>Projecteur LED Fresnel RGBMA compact, le Astera PlutoFresnel est con\u00e7u pour remplacer les Fresnel tungst\u00e8ne traditionnels dans un format autonome et moderne. Il offre un faisceau propre, r\u00e9glable et sans aberration chromatique, id\u00e9al pour les \u00e9clairages pr\u00e9cis en cin\u00e9ma et studio. Il est \u00e9galement possible de monter sur ce projecteur le nez ptique Projection Lens [&hellip;]<\/p>\n","protected":false},"featured_media":4737,"template":"","meta":{"inline_featured_image":false},"product_brand":[],"product_cat":[2006],"product_tag":[],"class_list":{"0":"post-4706","1":"product","2":"type-product","3":"status-publish","4":"has-post-thumbnail","6":"product_cat-led-couleur-ponctuelle","8":"first","9":"instock","10":"taxable","11":"shipping-taxable","12":"purchasable","13":"product-type-rentable"},"acf":[],"_links":{"self":[{"href":"https:\/\/indie.rent\/catalogue\/wp-json\/wp\/v2\/product\/4706","targetHints":{"allow":["GET"]}}],"collection":[{"href":"https:\/\/indie.rent\/catalogue\/wp-json\/wp\/v2\/product"}],"about":[{"href":"https:\/\/indie.rent\/catalogue\/wp-json\/wp\/v2\/types\/product"}],"version-history":[{"count":3,"href":"https:\/\/indie.rent\/catalogue\/wp-json\/wp\/v2\/product\/4706\/revisions"}],"predecessor-version":[{"id":6546,"href":"https:\/\/indie.rent\/catalogue\/wp-json\/wp\/v2\/product\/4706\/revisions\/6546"}],"wp:featuredmedia":[{"embeddable":true,"href":"https:\/\/indie.rent\/catalogue\/wp-json\/wp\/v2\/media\/4737"}],"wp:attachment":[{"href":"https:\/\/indie.rent\/catalogue\/wp-json\/wp\/v2\/media?parent=4706"}],"wp:term":[{"taxonomy":"product_brand","embeddable":true,"href":"https:\/\/indie.rent\/catalogue\/wp-json\/wp\/v2\/product_brand?post=4706"},{"taxonomy":"product_cat","embeddable":true,"href":"https:\/\/indie.rent\/catalogue\/wp-json\/wp\/v2\/product_cat?post=4706"},{"taxonomy":"product_tag","embeddable":true,"href":"https:\/\/indie.rent\/catalogue\/wp-json\/wp\/v2\/product_tag?post=4706"}],"curies":[{"name":"wp","href":"https:\/\/api.w.org\/{rel}","templated":true}]}}