{"id":4705,"date":"2025-08-28T16:54:35","date_gmt":"2025-08-28T14:54:35","guid":{"rendered":"https:\/\/indie.rent\/catalogue\/produit\/mosaic-2x4-60x120cm\/"},"modified":"2026-04-16T18:27:33","modified_gmt":"2026-04-16T16:27:33","slug":"projecteur-led-couleur-aladdin-mosaic-2x4-60x120cm","status":"publish","type":"product","link":"https:\/\/indie.rent\/catalogue\/produit\/projecteur-led-couleur-aladdin-mosaic-2x4-60x120cm\/","title":{"rendered":"Projecteur LED Couleur ALADDIN Mosaic 2X4 (60x120cm)"},"content":{"rendered":"<p>Panneau LED grand format id\u00e9al pour cr\u00e9er une lumi\u00e8re enveloppante et homog\u00e8ne sur de larges surfaces.<\/p>\n<p>Caract\u00e9ristiques principales :<\/p>\n<p>Source : LED RGB<br \/>Temp\u00e9rature de couleur : 2 800K \u2013 10 000K<br \/>CRI \/ TLCI : \u2265 95 \/ \u2265 95<br \/>Alimentation : Secteur<br \/>Contr\u00f4le : DMX, CRMX, Bluetooth<br \/>\u00c9tanch\u00e9it\u00e9 : Non<br \/>Poids : 3.6 kg<br \/>Consommation \u00e9lectrique : 350 W<br \/>Dimensions : 120 cm \u00d7 60 cm<\/p>\n","protected":false},"excerpt":{"rendered":"<p>Panneau LED grand format id\u00e9al pour cr\u00e9er une lumi\u00e8re enveloppante et homog\u00e8ne sur de larges surfaces. Caract\u00e9ristiques principales : Source : LED RGBTemp\u00e9rature de couleur : 2 800K \u2013 10 000KCRI \/ TLCI : \u2265 95 \/ \u2265 95Alimentation : SecteurContr\u00f4le : DMX, CRMX, Bluetooth\u00c9tanch\u00e9it\u00e9 : NonPoids : 3.6 kgConsommation \u00e9lectrique : 350 WDimensions : [&hellip;]<\/p>\n","protected":false},"featured_media":6564,"template":"","meta":{"inline_featured_image":false},"product_brand":[],"product_cat":[2007],"product_tag":[],"class_list":{"0":"post-4705","1":"product","2":"type-product","3":"status-publish","4":"has-post-thumbnail","6":"product_cat-led-couleur-soft","8":"first","9":"instock","10":"taxable","11":"shipping-taxable","12":"purchasable","13":"product-type-rentable"},"acf":[],"_links":{"self":[{"href":"https:\/\/indie.rent\/catalogue\/wp-json\/wp\/v2\/product\/4705","targetHints":{"allow":["GET"]}}],"collection":[{"href":"https:\/\/indie.rent\/catalogue\/wp-json\/wp\/v2\/product"}],"about":[{"href":"https:\/\/indie.rent\/catalogue\/wp-json\/wp\/v2\/types\/product"}],"version-history":[{"count":0,"href":"https:\/\/indie.rent\/catalogue\/wp-json\/wp\/v2\/product\/4705\/revisions"}],"wp:featuredmedia":[{"embeddable":true,"href":"https:\/\/indie.rent\/catalogue\/wp-json\/wp\/v2\/media\/6564"}],"wp:attachment":[{"href":"https:\/\/indie.rent\/catalogue\/wp-json\/wp\/v2\/media?parent=4705"}],"wp:term":[{"taxonomy":"product_brand","embeddable":true,"href":"https:\/\/indie.rent\/catalogue\/wp-json\/wp\/v2\/product_brand?post=4705"},{"taxonomy":"product_cat","embeddable":true,"href":"https:\/\/indie.rent\/catalogue\/wp-json\/wp\/v2\/product_cat?post=4705"},{"taxonomy":"product_tag","embeddable":true,"href":"https:\/\/indie.rent\/catalogue\/wp-json\/wp\/v2\/product_tag?post=4705"}],"curies":[{"name":"wp","href":"https:\/\/api.w.org\/{rel}","templated":true}]}}