{"id":4702,"date":"2025-08-28T16:54:24","date_gmt":"2025-08-28T14:54:24","guid":{"rendered":"https:\/\/indie.rent\/catalogue\/produit\/aladdin-mosaic-mini-1x2-30x60cm\/"},"modified":"2026-04-30T16:57:09","modified_gmt":"2026-04-30T14:57:09","slug":"projecteur-led-couleur-aladdin-mosaic-mini-1x2-30x60cm","status":"publish","type":"product","link":"https:\/\/indie.rent\/catalogue\/produit\/projecteur-led-couleur-aladdin-mosaic-mini-1x2-30x60cm\/","title":{"rendered":"Projecteur LED Couleur ALADDIN Mosaic Mini 1&#215;2 (30x60cm)"},"content":{"rendered":"<p>Panneau LED RGB allong\u00e9 offrant une surface lumineuse douce id\u00e9ale pour key light ou \u00e9clairage de personnages.<\/p>\n<p>Caract\u00e9ristiques principales :<\/p>\n<p>Source : LED RGB<br \/>Temp\u00e9rature de couleur : 2 300K \u2013 12 000K<br \/>CRI \/ TLCI : \u2265 95 \/ \u2265 95<br \/>Monture : Cadre rigide + rigging<br \/>Alimentation : Secteur<br \/>Contr\u00f4le : DMX, LumenRadio CRMX, Bluetooth<br \/>\u00c9tanch\u00e9it\u00e9 : IP20<br \/>Poids (Dimmer + Panneau):\u00a0~1kg<br \/>Consommation \u00e9lectrique : ~600 W<br \/>Dimensions : 60 cm \u00d7 30 cm<\/p>\n","protected":false},"excerpt":{"rendered":"<p>Panneau LED RGB allong\u00e9 offrant une surface lumineuse douce id\u00e9ale pour key light ou \u00e9clairage de personnages. Caract\u00e9ristiques principales : Source : LED RGBTemp\u00e9rature de couleur : 2 300K \u2013 12 000KCRI \/ TLCI : \u2265 95 \/ \u2265 95Monture : Cadre rigide + riggingAlimentation : SecteurContr\u00f4le : DMX, LumenRadio CRMX, Bluetooth\u00c9tanch\u00e9it\u00e9 : IP20Poids (Dimmer [&hellip;]<\/p>\n","protected":false},"featured_media":4844,"template":"","meta":{"inline_featured_image":false},"product_brand":[],"product_cat":[2007],"product_tag":[],"class_list":{"0":"post-4702","1":"product","2":"type-product","3":"status-publish","4":"has-post-thumbnail","6":"product_cat-led-couleur-soft","8":"first","9":"instock","10":"taxable","11":"shipping-taxable","12":"purchasable","13":"product-type-rentable"},"acf":[],"_links":{"self":[{"href":"https:\/\/indie.rent\/catalogue\/wp-json\/wp\/v2\/product\/4702","targetHints":{"allow":["GET"]}}],"collection":[{"href":"https:\/\/indie.rent\/catalogue\/wp-json\/wp\/v2\/product"}],"about":[{"href":"https:\/\/indie.rent\/catalogue\/wp-json\/wp\/v2\/types\/product"}],"version-history":[{"count":0,"href":"https:\/\/indie.rent\/catalogue\/wp-json\/wp\/v2\/product\/4702\/revisions"}],"wp:featuredmedia":[{"embeddable":true,"href":"https:\/\/indie.rent\/catalogue\/wp-json\/wp\/v2\/media\/4844"}],"wp:attachment":[{"href":"https:\/\/indie.rent\/catalogue\/wp-json\/wp\/v2\/media?parent=4702"}],"wp:term":[{"taxonomy":"product_brand","embeddable":true,"href":"https:\/\/indie.rent\/catalogue\/wp-json\/wp\/v2\/product_brand?post=4702"},{"taxonomy":"product_cat","embeddable":true,"href":"https:\/\/indie.rent\/catalogue\/wp-json\/wp\/v2\/product_cat?post=4702"},{"taxonomy":"product_tag","embeddable":true,"href":"https:\/\/indie.rent\/catalogue\/wp-json\/wp\/v2\/product_tag?post=4702"}],"curies":[{"name":"wp","href":"https:\/\/api.w.org\/{rel}","templated":true}]}}